{"id":9585,"date":"2022-02-11T08:04:51","date_gmt":"2022-02-11T13:04:51","guid":{"rendered":"https:\/\/www.trainerschoicestockings.ca\/comment-mesurer-pour-le-dimensionnement\/"},"modified":"2023-04-04T11:54:56","modified_gmt":"2023-04-04T15:54:56","slug":"comment-mesurer-pour-le-dimensionnement","status":"publish","type":"page","link":"https:\/\/www.trainerschoicestockings.ca\/fr\/comment-mesurer-pour-le-dimensionnement\/","title":{"rendered":"Comment mesurer pour le dimensionnement"},"content":{"rendered":"<div class=\"wpb-content-wrapper\">[vc_row et_full_width=\u00a0\u00bbtrue\u00a0\u00bb et_row_padding=\u00a0\u00bbtrue\u00a0\u00bb equal_height=\u00a0\u00bbyes\u00a0\u00bb content_placement=\u00a0\u00bbmiddle\u00a0\u00bb css=\u00a0\u00bb.vc_custom_1647362176174{padding-top: 170px !important;padding-bottom: 170px !important;background: #f4f4f4 url(https:\/\/trainerschoicestockings.ca\/wp-content\/uploads\/2022\/03\/shutterstock_592140851_resized.jpg?id=5087) !important;background-position: center !important;background-repeat: no-repeat !important;background-size: cover !important;}\u00a0\u00bb el_class=\u00a0\u00bbvideo-bg-row\u00a0\u00bb][vc_column][vc_row_inner equal_height=\u00a0\u00bbyes\u00a0\u00bb content_placement=\u00a0\u00bbmiddle\u00a0\u00bb css=\u00a0\u00bb.vc_custom_1647358763840{background-position: center !important;background-repeat: no-repeat !important;background-size: cover !important;}\u00a0\u00bb][vc_column_inner et_column_color=\u00a0\u00bbet-light-column\u00a0\u00bb width=\u00a0\u00bb1\/2&Prime;][vc_column_text animation=\u00a0\u00bbanimation bottom-to-top\u00a0\u00bb css=\u00a0\u00bb.vc_custom_1661795677515{margin-top: 20px !important;}\u00a0\u00bb]\n<h2>Comment mesurer pour d\u00e9terminer la taille des bas de compression ?<\/h2>\n[\/vc_column_text][\/vc_column_inner][\/vc_row_inner][\/vc_column][\/vc_row][vc_row et_full_width=\u00a0\u00bbtrue\u00a0\u00bb et_row_padding=\u00a0\u00bbtrue\u00a0\u00bb css=\u00a0\u00bb.vc_custom_1588129008197{padding-top: 80px !important;padding-bottom: 45px !important;background-color: #f2f2f2 !important;}\u00a0\u00bb][vc_column][vc_custom_heading text=\u00a0\u00bbBesoin d\u2019aide pour prendre vos mesures ?\u00a0\u00bb font_container=\u00a0\u00bbtag:h2|text_align:center\u00a0\u00bb][vc_row_inner et_column_align=\u00a0\u00bbalign-center\u00a0\u00bb equal_height=\u00a0\u00bbyes\u00a0\u00bb el_class=\u00a0\u00bbalign-center\u00a0\u00bb css=\u00a0\u00bb.vc_custom_1647361423334{margin-bottom: 25px !important;}\u00a0\u00bb][vc_column_inner animation=\u00a0\u00bbanimation bottom-to-top\u00a0\u00bb][vc_column_text]Vous avez besoin d\u2019aide pour prendre vos mesures de bas de compression m\u00e9dical avant de commander en ligne ? Prenez un m\u00e8tre ruban, un stylo et du papier \u2014 et pourquoi pas ne pas demander l\u2019aide d\u2019un ami \u2014 et regardez ce guide anim\u00e9 ci-dessous ou suivez les \u00e9tapes \u00e9crites qui suivent. Une fois vos mesures prises, servez-vous du tableau des tailles des produits pour faire correspondre vos mesures \u00e0 la taille dont vous avez besoin. <\/p>\n<div>\n<p>Si vous avez besoin d\u2019une assistance suppl\u00e9mentaire, notre \u00e9quipe de Trainers Choice se fera un plaisir de vous guider par t\u00e9l\u00e9phone ou par conversation vid\u00e9o ! Appelez le 1 800 706-9834. <\/p>\n<\/div>\n[\/vc_column_text][\/vc_column_inner][\/vc_row_inner][vc_row_inner et_column_align=\u00a0\u00bbalign-center\u00a0\u00bb equal_height=\u00a0\u00bbyes\u00a0\u00bb css=\u00a0\u00bb.vc_custom_1647361428455{margin-bottom: 25px !important;}\u00a0\u00bb][vc_column_inner width=\u00a0\u00bb1\/2&Prime;][vc_column_text]\n<h2>Sigvaris<\/h2>\n[\/vc_column_text][vc_video link=\u00a0\u00bbhttps:\/\/www.youtube.com\/watch?v=s1yY-yR6kbI\u00a0\u00bb align=\u00a0\u00bbcenter\u00a0\u00bb][\/vc_column_inner][vc_column_inner width=\u00a0\u00bb1\/2&Prime;][vc_column_text]\n<h2 style=\"text-align: left;\">Jobst<\/h2>\n[\/vc_column_text][vc_video link=\u00a0\u00bbhttps:\/\/www.youtube.com\/watch?v=KMaH8miXYAo\u00a0\u00bb align=\u00a0\u00bbcenter\u00a0\u00bb][\/vc_column_inner][\/vc_row_inner][\/vc_column][\/vc_row][vc_row][vc_column width=\u00a0\u00bb1\/2&Prime;][vc_column_text]\n<h2><\/h2>\n<h2>Instructions \u00e9crites pour mesurer<\/h2>\n[\/vc_column_text][vc_toggle title=\u00a0\u00bbBas au genou (cliquez ici)\u00a0\u00bb]<strong>\u00c9tape 1 :<\/strong> Mesurez la circonf\u00e9rence de la cheville, \u00e0 la partie la plus \u00e9troite, juste au-dessus de l&rsquo;os de la cheville (Point cB)<\/p>\n<p><strong>\u00c9tape 2 :<\/strong> Mesurez la circonf\u00e9rence du mollet \u00e0 la partie la plus large (Point cC).<\/p>\n<p><strong>\u00c9tape 3 :<\/strong> : Mesurez la longueur du mollet. La mesure est prise \u00e0 l&rsquo;ext\u00e9rieur de la jambe, en mesurant \u00e0 partir du sol jusqu&rsquo;au pli du genou. <\/p>\n<p><strong>\u00c9tape 4 :<\/strong> Utilisez le tableau des tailles pour d\u00e9terminer votre taille.[\/vc_toggle][vc_toggle title=\u00a0\u00bbBas Cuisse (cliquez ici)\u00a0\u00bb]<strong>\u00c9tape 1 :<\/strong> Mesurez la circonf\u00e9rence de la cheville, \u00e0 la partie la plus \u00e9troite, juste au-dessus de l&rsquo;os de la cheville (Point cB)<\/p>\n<p><strong>\u00c9tape 2 :<\/strong> Mesurez la circonf\u00e9rence du mollet \u00e0 la partie la plus large (Point cC).<\/p>\n<p><strong>\u00c9tape 3 :<\/strong> : Mesurez la longueur du mollet. La mesure est prise \u00e0 l&rsquo;ext\u00e9rieur de la jambe, en mesurant \u00e0 partir du sol jusqu&rsquo;au pli du genou. <\/p>\n<p><strong>\u00c9tape 4 :<\/strong> Mesurez la circonf\u00e9rence de la partie la plus large de la cuisse (Point cG).<\/p>\n<p><strong>\u00c9tape 5 : Mesurez la distance entre le bas de vos fesses jusqu\u2019au sol.<\/strong><\/p>\n<p><strong>\u00c9tape 6 :<\/strong> Utilisez le tableau des tailles pour d\u00e9terminer votre taille.[\/vc_toggle][vc_toggle title=\u00a0\u00bbCollants (cliquez ici)\u00a0\u00bb]<strong>\u00c9tape 1 :<\/strong> Mesurez la circonf\u00e9rence de la cheville, \u00e0 la partie la plus \u00e9troite, juste au-dessus de l&rsquo;os de la cheville (Point cB)<\/p>\n<p><strong>\u00c9tape 2 :<\/strong> Mesurez la circonf\u00e9rence du mollet \u00e0 la partie la plus large (Point cC).<\/p>\n<p><strong>\u00c9tape 3 :<\/strong> : Mesurez la longueur du mollet. La mesure est prise \u00e0 l&rsquo;ext\u00e9rieur de la jambe, en mesurant \u00e0 partir du sol jusqu&rsquo;au pli du genou. <\/p>\n<p><strong>\u00c9tape 4 :<\/strong> Mesurez la circonf\u00e9rence de la partie la plus large de la cuisse (Point cG).<\/p>\n<p><strong>\u00c9tape 5 : Mesurez la distance entre le bas de vos fesses jusqu\u2019au sol.<\/strong><\/p>\n<p><strong>\u00c9tape 6 :<\/strong> Mesurez la circonf\u00e9rence de la partie la plus large des hanches (Point cH).<\/p>\n<p><strong>\u00c9tape 7 :<\/strong> Utilisez le tableau des tailles pour d\u00e9terminer votre taille.[\/vc_toggle][\/vc_column][vc_column width=\u00a0\u00bb1\/2&Prime;][vc_single_image image=\u00a0\u00bb8785&Prime; img_size=\u00a0\u00bbfull\u00a0\u00bb add_caption=\u00a0\u00bbyes\u00a0\u00bb][\/vc_column][\/vc_row][vc_row][vc_column][vc_separator][vc_column_text][\/vc_column_text][\/vc_column][\/vc_row][vc_row][vc_column width=\u00a0\u00bb1\/2&Prime;][vc_custom_heading text=\u00a0\u00bbTableaux des tailles\u00a0\u00bb font_container=\u00a0\u00bbtag:h2|text_align:center\u00a0\u00bb][\/vc_column][vc_column width=\u00a0\u00bb1\/2&Prime;][vc_custom_heading text=\u00a0\u00bbConseils de mesure\u00a0\u00bb][\/vc_column][\/vc_row][vc_row][vc_column width=\u00a0\u00bb1\/2&Prime;][vc_btn title=\u00a0\u00bbTableaux des tailles (CLIQUEZ ICI)\u00a0\u00bb color=\u00a0\u00bbvista-blue\u00a0\u00bb align=\u00a0\u00bbcenter\u00a0\u00bb link=\u00a0\u00bburl:https%3A%2F%2Fwww.trainerschoicestockings.ca%2Ffr%2Ftableaux-des-tailles%2F|title:Tableaux%20des%20tailles|\u00a0\u00bb][\/vc_column][vc_column width=\u00a0\u00bb1\/2&Prime;][vc_column_text]\n<ol>\n<li>Prenez les mesures d\u00e8s la sortie du lit<\/li>\n<li>Prenez les mesures sur la peau nue, jamais par-dessus les v\u00eatements<\/li>\n<li>Tirez le ruban autour de la jambe pour qu&rsquo;il soit confortablement ajust\u00e9, mais pas contraignant<\/li>\n<li>Prenez les mesures en centim\u00e8tre (cm)<\/li>\n<li>Prenez d&rsquo;abord la mesure de la cheville &#8211; c&rsquo;est le plus important<\/li>\n<\/ol>\n[\/vc_column_text][\/vc_column][\/vc_row][vc_row][vc_column][vc_column_text][\/vc_column_text][\/vc_column][\/vc_row][vc_row][vc_column][vc_column_text][\/vc_column_text][\/vc_column][\/vc_row][vc_row][vc_column width=\u00a0\u00bb1\/2&Prime;][vc_btn title=\u00a0\u00bbConseils de nettoyage (CLIQUEZ ICI)\u00a0\u00bb color=\u00a0\u00bbprimary\u00a0\u00bb size=\u00a0\u00bblg\u00a0\u00bb align=\u00a0\u00bbcenter\u00a0\u00bb link=\u00a0\u00bburl:https%3A%2F%2Fwww.trainerschoicestockings.ca%2Ffr%2Fcomment-nettoyer-vos-produits%2F|\u00a0\u00bb][\/vc_column][vc_column width=\u00a0\u00bb1\/2&Prime;][vc_btn title=\u00a0\u00bbComment mettre et enlever les chaussettes (CLIQUEZ ICI)\u00a0\u00bb color=\u00a0\u00bbsuccess\u00a0\u00bb size=\u00a0\u00bblg\u00a0\u00bb align=\u00a0\u00bbcenter\u00a0\u00bb link=\u00a0\u00bburl:https%3A%2F%2Fwww.trainerschoicestockings.ca%2Ffr%2Fcomment-mettre-et-enlever-les-bas-de-contention%2F|\u00a0\u00bb][\/vc_column][\/vc_row]\n<\/div>","protected":false},"excerpt":{"rendered":"<p>[vc_row et_full_width=\u00a0\u00bbtrue\u00a0\u00bb et_row_padding=\u00a0\u00bbtrue\u00a0\u00bb equal_height=\u00a0\u00bbyes\u00a0\u00bb content_placement=\u00a0\u00bbmiddle\u00a0\u00bb css=\u00a0\u00bb.vc_custom_1647362176174{padding-top: 170px !important;padding-bottom: 170px !important;background: #f4f4f4 url(https:\/\/trainerschoicestockings.ca\/wp-content\/uploads\/2022\/03\/shutterstock_592140851_resized.jpg?id=5087) !important;background-position: center !important;background-repeat: no-repeat !important;background-size: cover !important;}\u00a0\u00bb el_class=\u00a0\u00bbvideo-bg-row\u00a0\u00bb][vc_column][vc_row_inner equal_height=\u00a0\u00bbyes\u00a0\u00bb content_placement=\u00a0\u00bbmiddle\u00a0\u00bb css=\u00a0\u00bb.vc_custom_1647358763840{background-position: center !important;background-repeat: no-repeat !important;background-size: cover !important;}\u00a0\u00bb][vc_column_inner et_column_color=\u00a0\u00bbet-light-column\u00a0\u00bb width=\u00a0\u00bb1\/2&Prime;][vc_column_text animation=\u00a0\u00bbanimation bottom-to-top\u00a0\u00bb css=\u00a0\u00bb.vc_custom_1661795677515{margin-top: 20px !important;}\u00a0\u00bb] Comment mesurer pour d\u00e9terminer la taille des bas de compression ? [\/vc_column_text][\/vc_column_inner][\/vc_row_inner][\/vc_column][\/vc_row][vc_row et_full_width=\u00a0\u00bbtrue\u00a0\u00bb et_row_padding=\u00a0\u00bbtrue\u00a0\u00bb [&hellip;]<\/p>\n","protected":false},"author":1,"featured_media":0,"parent":0,"menu_order":0,"comment_status":"closed","ping_status":"closed","template":"","meta":{"_acf_changed":false,"footnotes":""},"class_list":["post-9585","page","type-page","status-publish","hentry"],"acf":[],"yoast_head":"<!-- This site is optimized with the Yoast SEO plugin v27.5 - https:\/\/yoast.com\/product\/yoast-seo-wordpress\/ -->\n<title>Comment mesurer pour le dimensionnement<\/title>\n<meta name=\"description\" content=\"Comment mesurer les chaussettes de compression. Prenez un m\u00e8tre ruban, un stylo et du papier \u00c9tape 1. Mesurez la circonf\u00e9rence de la cheville \u00e0 sa partie la plus \u00e9troite.\" \/>\n<meta name=\"robots\" content=\"index, follow, max-snippet:-1, max-image-preview:large, max-video-preview:-1\" \/>\n<link rel=\"canonical\" href=\"https:\/\/www.trainerschoicestockings.ca\/fr\/comment-mesurer-pour-le-dimensionnement\/\" \/>\n<meta property=\"og:locale\" content=\"fr_FR\" \/>\n<meta property=\"og:type\" content=\"article\" \/>\n<meta property=\"og:title\" content=\"Facebook - Le choix du formateur\" \/>\n<meta property=\"og:description\" content=\"Chaussettes et bas de compression de qualit\u00e9 pour hommes et femmes ! B\u00e9n\u00e9fique pour les personnes ayant un travail physiquement exigeant et les athl\u00e8tes.\" \/>\n<meta property=\"og:url\" content=\"https:\/\/www.trainerschoicestockings.ca\/fr\/comment-mesurer-pour-le-dimensionnement\/\" \/>\n<meta property=\"og:site_name\" content=\"Bas de compression Trainers Choice\" \/>\n<meta property=\"article:publisher\" content=\"https:\/\/www.facebook.com\/people\/Trainers-Choice\/100063791190626\/\" \/>\n<meta property=\"article:modified_time\" content=\"2023-04-04T15:54:56+00:00\" \/>\n<meta property=\"og:image\" content=\"https:\/\/www.trainerschoicestockings.ca\/wp-content\/uploads\/2022\/05\/Trainers-Choice-SEO-Image-1024x538.png\" \/>\n<meta name=\"twitter:card\" content=\"summary_large_image\" \/>\n<meta name=\"twitter:label1\" content=\"Dur\u00e9e de lecture estim\u00e9e\" \/>\n\t<meta name=\"twitter:data1\" content=\"5 minutes\" \/>\n<script type=\"application\/ld+json\" class=\"yoast-schema-graph\">{\"@context\":\"https:\\\/\\\/schema.org\",\"@graph\":[{\"@type\":\"WebPage\",\"@id\":\"https:\\\/\\\/www.trainerschoicestockings.ca\\\/fr\\\/comment-mesurer-pour-le-dimensionnement\\\/\",\"url\":\"https:\\\/\\\/www.trainerschoicestockings.ca\\\/fr\\\/comment-mesurer-pour-le-dimensionnement\\\/\",\"name\":\"Comment mesurer pour le dimensionnement\",\"isPartOf\":{\"@id\":\"https:\\\/\\\/www.trainerschoicestockings.ca\\\/fr\\\/#website\"},\"datePublished\":\"2022-02-11T13:04:51+00:00\",\"dateModified\":\"2023-04-04T15:54:56+00:00\",\"description\":\"Comment mesurer les chaussettes de compression. Prenez un m\u00e8tre ruban, un stylo et du papier \u00c9tape 1. Mesurez la circonf\u00e9rence de la cheville \u00e0 sa partie la plus \u00e9troite.\",\"breadcrumb\":{\"@id\":\"https:\\\/\\\/www.trainerschoicestockings.ca\\\/fr\\\/comment-mesurer-pour-le-dimensionnement\\\/#breadcrumb\"},\"inLanguage\":\"fr-FR\",\"potentialAction\":[{\"@type\":\"ReadAction\",\"target\":[\"https:\\\/\\\/www.trainerschoicestockings.ca\\\/fr\\\/comment-mesurer-pour-le-dimensionnement\\\/\"]}]},{\"@type\":\"BreadcrumbList\",\"@id\":\"https:\\\/\\\/www.trainerschoicestockings.ca\\\/fr\\\/comment-mesurer-pour-le-dimensionnement\\\/#breadcrumb\",\"itemListElement\":[{\"@type\":\"ListItem\",\"position\":1,\"name\":\"Accueil\",\"item\":\"https:\\\/\\\/www.trainerschoicestockings.ca\\\/fr\\\/\"},{\"@type\":\"ListItem\",\"position\":2,\"name\":\"Comment mesurer pour le dimensionnement\"}]},{\"@type\":\"WebSite\",\"@id\":\"https:\\\/\\\/www.trainerschoicestockings.ca\\\/fr\\\/#website\",\"url\":\"https:\\\/\\\/www.trainerschoicestockings.ca\\\/fr\\\/\",\"name\":\"Bas de compression Trainers Choice\",\"description\":\"Vivez votre vie. Soyez vous-m\u00eame.\",\"publisher\":{\"@id\":\"https:\\\/\\\/www.trainerschoicestockings.ca\\\/fr\\\/#organization\"},\"potentialAction\":[{\"@type\":\"SearchAction\",\"target\":{\"@type\":\"EntryPoint\",\"urlTemplate\":\"https:\\\/\\\/www.trainerschoicestockings.ca\\\/fr\\\/?s={search_term_string}\"},\"query-input\":{\"@type\":\"PropertyValueSpecification\",\"valueRequired\":true,\"valueName\":\"search_term_string\"}}],\"inLanguage\":\"fr-FR\"},{\"@type\":\"Organization\",\"@id\":\"https:\\\/\\\/www.trainerschoicestockings.ca\\\/fr\\\/#organization\",\"name\":\"Choix des formateurs\",\"url\":\"https:\\\/\\\/www.trainerschoicestockings.ca\\\/fr\\\/\",\"logo\":{\"@type\":\"ImageObject\",\"inLanguage\":\"fr-FR\",\"@id\":\"https:\\\/\\\/www.trainerschoicestockings.ca\\\/fr\\\/#\\\/schema\\\/logo\\\/image\\\/\",\"url\":\"https:\\\/\\\/i0.wp.com\\\/www.trainerschoicestockings.ca\\\/wp-content\\\/uploads\\\/2022\\\/02\\\/trainers-choice-logo.png?fit=420%2C200&ssl=1\",\"contentUrl\":\"https:\\\/\\\/i0.wp.com\\\/www.trainerschoicestockings.ca\\\/wp-content\\\/uploads\\\/2022\\\/02\\\/trainers-choice-logo.png?fit=420%2C200&ssl=1\",\"width\":420,\"height\":200,\"caption\":\"Choix des formateurs\"},\"image\":{\"@id\":\"https:\\\/\\\/www.trainerschoicestockings.ca\\\/fr\\\/#\\\/schema\\\/logo\\\/image\\\/\"},\"sameAs\":[\"https:\\\/\\\/www.facebook.com\\\/people\\\/Trainers-Choice\\\/100063791190626\\\/\",\"https:\\\/\\\/www.instagram.com\\\/trainers_choice_\\\/\"]}]}<\/script>\n<!-- \/ Yoast SEO plugin. -->","yoast_head_json":{"title":"Comment mesurer pour le dimensionnement","description":"Comment mesurer les chaussettes de compression. Prenez un m\u00e8tre ruban, un stylo et du papier \u00c9tape 1. Mesurez la circonf\u00e9rence de la cheville \u00e0 sa partie la plus \u00e9troite.","robots":{"index":"index","follow":"follow","max-snippet":"max-snippet:-1","max-image-preview":"max-image-preview:large","max-video-preview":"max-video-preview:-1"},"canonical":"https:\/\/www.trainerschoicestockings.ca\/fr\/comment-mesurer-pour-le-dimensionnement\/","og_locale":"fr_FR","og_type":"article","og_title":"Facebook - Le choix du formateur","og_description":"Chaussettes et bas de compression de qualit\u00e9 pour hommes et femmes ! B\u00e9n\u00e9fique pour les personnes ayant un travail physiquement exigeant et les athl\u00e8tes.","og_url":"https:\/\/www.trainerschoicestockings.ca\/fr\/comment-mesurer-pour-le-dimensionnement\/","og_site_name":"Bas de compression Trainers Choice","article_publisher":"https:\/\/www.facebook.com\/people\/Trainers-Choice\/100063791190626\/","article_modified_time":"2023-04-04T15:54:56+00:00","og_image":[{"url":"https:\/\/www.trainerschoicestockings.ca\/wp-content\/uploads\/2022\/05\/Trainers-Choice-SEO-Image-1024x538.png","type":"","width":"","height":""}],"twitter_card":"summary_large_image","twitter_misc":{"Dur\u00e9e de lecture estim\u00e9e":"5 minutes"},"schema":{"@context":"https:\/\/schema.org","@graph":[{"@type":"WebPage","@id":"https:\/\/www.trainerschoicestockings.ca\/fr\/comment-mesurer-pour-le-dimensionnement\/","url":"https:\/\/www.trainerschoicestockings.ca\/fr\/comment-mesurer-pour-le-dimensionnement\/","name":"Comment mesurer pour le dimensionnement","isPartOf":{"@id":"https:\/\/www.trainerschoicestockings.ca\/fr\/#website"},"datePublished":"2022-02-11T13:04:51+00:00","dateModified":"2023-04-04T15:54:56+00:00","description":"Comment mesurer les chaussettes de compression. Prenez un m\u00e8tre ruban, un stylo et du papier \u00c9tape 1. Mesurez la circonf\u00e9rence de la cheville \u00e0 sa partie la plus \u00e9troite.","breadcrumb":{"@id":"https:\/\/www.trainerschoicestockings.ca\/fr\/comment-mesurer-pour-le-dimensionnement\/#breadcrumb"},"inLanguage":"fr-FR","potentialAction":[{"@type":"ReadAction","target":["https:\/\/www.trainerschoicestockings.ca\/fr\/comment-mesurer-pour-le-dimensionnement\/"]}]},{"@type":"BreadcrumbList","@id":"https:\/\/www.trainerschoicestockings.ca\/fr\/comment-mesurer-pour-le-dimensionnement\/#breadcrumb","itemListElement":[{"@type":"ListItem","position":1,"name":"Accueil","item":"https:\/\/www.trainerschoicestockings.ca\/fr\/"},{"@type":"ListItem","position":2,"name":"Comment mesurer pour le dimensionnement"}]},{"@type":"WebSite","@id":"https:\/\/www.trainerschoicestockings.ca\/fr\/#website","url":"https:\/\/www.trainerschoicestockings.ca\/fr\/","name":"Bas de compression Trainers Choice","description":"Vivez votre vie. Soyez vous-m\u00eame.","publisher":{"@id":"https:\/\/www.trainerschoicestockings.ca\/fr\/#organization"},"potentialAction":[{"@type":"SearchAction","target":{"@type":"EntryPoint","urlTemplate":"https:\/\/www.trainerschoicestockings.ca\/fr\/?s={search_term_string}"},"query-input":{"@type":"PropertyValueSpecification","valueRequired":true,"valueName":"search_term_string"}}],"inLanguage":"fr-FR"},{"@type":"Organization","@id":"https:\/\/www.trainerschoicestockings.ca\/fr\/#organization","name":"Choix des formateurs","url":"https:\/\/www.trainerschoicestockings.ca\/fr\/","logo":{"@type":"ImageObject","inLanguage":"fr-FR","@id":"https:\/\/www.trainerschoicestockings.ca\/fr\/#\/schema\/logo\/image\/","url":"https:\/\/i0.wp.com\/www.trainerschoicestockings.ca\/wp-content\/uploads\/2022\/02\/trainers-choice-logo.png?fit=420%2C200&ssl=1","contentUrl":"https:\/\/i0.wp.com\/www.trainerschoicestockings.ca\/wp-content\/uploads\/2022\/02\/trainers-choice-logo.png?fit=420%2C200&ssl=1","width":420,"height":200,"caption":"Choix des formateurs"},"image":{"@id":"https:\/\/www.trainerschoicestockings.ca\/fr\/#\/schema\/logo\/image\/"},"sameAs":["https:\/\/www.facebook.com\/people\/Trainers-Choice\/100063791190626\/","https:\/\/www.instagram.com\/trainers_choice_\/"]}]}},"_links":{"self":[{"href":"https:\/\/www.trainerschoicestockings.ca\/fr\/wp-json\/wp\/v2\/pages\/9585","targetHints":{"allow":["GET"]}}],"collection":[{"href":"https:\/\/www.trainerschoicestockings.ca\/fr\/wp-json\/wp\/v2\/pages"}],"about":[{"href":"https:\/\/www.trainerschoicestockings.ca\/fr\/wp-json\/wp\/v2\/types\/page"}],"author":[{"embeddable":true,"href":"https:\/\/www.trainerschoicestockings.ca\/fr\/wp-json\/wp\/v2\/users\/1"}],"replies":[{"embeddable":true,"href":"https:\/\/www.trainerschoicestockings.ca\/fr\/wp-json\/wp\/v2\/comments?post=9585"}],"version-history":[{"count":30,"href":"https:\/\/www.trainerschoicestockings.ca\/fr\/wp-json\/wp\/v2\/pages\/9585\/revisions"}],"predecessor-version":[{"id":11576,"href":"https:\/\/www.trainerschoicestockings.ca\/fr\/wp-json\/wp\/v2\/pages\/9585\/revisions\/11576"}],"wp:attachment":[{"href":"https:\/\/www.trainerschoicestockings.ca\/fr\/wp-json\/wp\/v2\/media?parent=9585"}],"curies":[{"name":"wp","href":"https:\/\/api.w.org\/{rel}","templated":true}]}}