{"id":9591,"date":"2019-03-17T17:19:40","date_gmt":"2019-03-17T21:19:40","guid":{"rendered":"https:\/\/www.trainerschoicestockings.ca\/termes-et-conditions\/"},"modified":"2023-01-09T07:28:37","modified_gmt":"2023-01-09T12:28:37","slug":"termes-et-conditions","status":"publish","type":"page","link":"https:\/\/www.trainerschoicestockings.ca\/fr\/termes-et-conditions\/","title":{"rendered":"Termes et conditions"},"content":{"rendered":"<p><b>1. Introduction<\/b><\/p>\n<p>Le pr\u00e9sent site Web est exploit\u00e9 par <b>Trainers Choice Inc.<\/b> Les termes \u00a0\u00bb nous \u00ab\u00a0, \u00a0\u00bb notre \u00a0\u00bb et \u00a0\u00bb nos \u00a0\u00bb font r\u00e9f\u00e9rence \u00e0 <b>Trainers Choice.<\/b> L&rsquo;utilisation de notre site Web est soumise aux conditions d&rsquo;utilisation suivantes, telles que modifi\u00e9es de temps \u00e0 autre (les \u00ab\u00a0Conditions\u00a0\u00bb). Les Conditions doivent \u00eatre lues conjointement avec les termes, conditions ou clauses de non-responsabilit\u00e9 figurant sur les pages de notre site web. Veuillez lire attentivement les conditions. Les conditions s&rsquo;appliquent \u00e0 tous les utilisateurs de notre site web, y compris, sans s&rsquo;y limiter, les utilisateurs qui sont des navigateurs, des clients, des commer\u00e7ants, des vendeurs et\/ou des contributeurs de contenu. Si vous acc\u00e9dez \u00e0 ce site web et l&rsquo;utilisez, vous acceptez d&rsquo;\u00eatre li\u00e9 par les conditions et notre politique de confidentialit\u00e9 et de vous y conformer. Si vous n&rsquo;acceptez pas les Conditions ou notre Politique de confidentialit\u00e9, vous n&rsquo;\u00eates pas autoris\u00e9 \u00e0 acc\u00e9der \u00e0 notre site web, \u00e0 utiliser l&rsquo;un de ses services ou \u00e0 passer une commande sur notre site web.<\/p>\n<p><b>2. Utilisation de notre site web<\/b><\/p>\n<p>Vous acceptez d&rsquo;utiliser notre site web \u00e0 des fins l\u00e9gitimes et non \u00e0 des fins ill\u00e9gales ou non autoris\u00e9es, y compris, mais sans s&rsquo;y limiter, en violation de toute loi sur la propri\u00e9t\u00e9 intellectuelle ou la confidentialit\u00e9. En acceptant les conditions, vous d\u00e9clarez et garantissez que vous avez au moins l&rsquo;\u00e2ge de la majorit\u00e9 dans votre \u00c9tat ou province de r\u00e9sidence et que vous \u00eates l\u00e9galement capable de conclure un contrat contraignant.<\/p>\n<p>Vous acceptez de ne pas utiliser notre site web pour mener une activit\u00e9 qui constituerait une infraction civile ou p\u00e9nale ou qui violerait une loi. Vous acceptez de ne pas tenter d&rsquo;interf\u00e9rer avec le r\u00e9seau ou les dispositifs de s\u00e9curit\u00e9 de notre site web ou d&rsquo;obtenir un acc\u00e8s non autoris\u00e9 \u00e0 nos syst\u00e8mes.<\/p>\n<p>Vous acceptez de nous fournir des informations personnelles exactes, telles que votre adresse \u00e9lectronique, votre adresse postale et d&rsquo;autres coordonn\u00e9es, afin de compl\u00e9ter votre commande ou de vous contacter si n\u00e9cessaire. Vous acceptez de mettre rapidement \u00e0 jour votre compte et vos informations. Vous nous autorisez \u00e0 recueillir et \u00e0 utiliser ces informations pour vous contacter conform\u00e9ment \u00e0 notre politique de confidentialit\u00e9.<\/p>\n<p><b>3. Conditions g\u00e9n\u00e9rales<\/b><\/p>\n<p>Nous nous r\u00e9servons le droit de refuser le service \u00e0 quiconque, \u00e0 tout moment, pour quelque raison que ce soit. Nous nous r\u00e9servons le droit d&rsquo;apporter toute modification au site Web, y compris la r\u00e9siliation, le changement, la suspension ou l&rsquo;interruption de tout aspect du site Web \u00e0 tout moment, sans pr\u00e9avis. Nous pouvons imposer des r\u00e8gles ou des limites suppl\u00e9mentaires concernant l&rsquo;utilisation de notre site web. Vous acceptez de consulter r\u00e9guli\u00e8rement les conditions et le fait de continuer \u00e0 acc\u00e9der ou \u00e0 utiliser notre site web signifie que vous acceptez les modifications. Vous acceptez que nous ne soyons pas responsables envers vous ou un tiers de toute modification, suspension ou interruption de notre site web ou de tout service, contenu, fonctionnalit\u00e9 ou produit offert par le biais de notre site web.<\/p>\n<p><b>4. Produits ou services<\/b><\/p>\n<p>Tous les achats effectu\u00e9s sur notre site web sont soumis \u00e0 la disponibilit\u00e9 des produits. Nous pouvons, \u00e0 notre seule discr\u00e9tion, limiter ou annuler les quantit\u00e9s offertes sur notre site web ou limiter les ventes de nos produits ou services \u00e0 toute personne, m\u00e9nage, r\u00e9gion g\u00e9ographique ou juridiction. Les prix de nos produits sont susceptibles de changer, sans pr\u00e9avis. Sauf indication contraire, les prix affich\u00e9s sur notre site web sont indiqu\u00e9s en dollars canadiens. Nous nous r\u00e9servons le droit, \u00e0 notre seule discr\u00e9tion, de refuser des commandes, y compris, mais sans s&rsquo;y limiter, des commandes qui semblent \u00eatre pass\u00e9es par des distributeurs ou des revendeurs. Si nous pensons que vous avez pass\u00e9 une commande fausse ou frauduleuse, nous serons en droit d&rsquo;annuler la commande et d&rsquo;informer les autorit\u00e9s comp\u00e9tentes. Nous ne garantissons pas l&rsquo;exactitude de la couleur ou du design des produits figurant sur notre site web. Nous nous sommes efforc\u00e9s de faire en sorte que la couleur et le design de nos produits soient affich\u00e9s aussi pr\u00e9cis\u00e9ment que possible sur notre site web.<\/p>\n<p><b>5. Liens vers des sites Web de tiers<\/b><\/p>\n<p>Les liens depuis ou vers des sites web ext\u00e9rieurs \u00e0 notre site web ne sont fournis qu&rsquo;\u00e0 des fins de commodit\u00e9. Nous n&rsquo;examinons pas, n&rsquo;approuvons pas, ne contr\u00f4lons pas et ne sommes pas responsables des sites li\u00e9s \u00e0 notre site Web, du contenu de ces sites, des tiers qui y sont nomm\u00e9s ou de leurs produits et services. L&rsquo;\u00e9tablissement d&rsquo;un lien avec un autre site se fait \u00e0 vos risques et p\u00e9rils et nous ne serons pas responsables des dommages li\u00e9s \u00e0 cet \u00e9tablissement. Les liens vers des sites de logiciels t\u00e9l\u00e9chargeables ne sont fournis que pour des raisons de commodit\u00e9 et nous ne sommes pas responsables des difficult\u00e9s ou des cons\u00e9quences li\u00e9es au t\u00e9l\u00e9chargement du logiciel. L&rsquo;utilisation de tout logiciel t\u00e9l\u00e9charg\u00e9 est r\u00e9gie par les termes de l&rsquo;accord de licence, le cas \u00e9ch\u00e9ant, qui accompagne ou est fourni avec le logiciel.<\/p>\n<p><b>6. Utilisation des commentaires, r\u00e9actions et autres soumissions<\/b><\/p>\n<p>Vous reconnaissez que vous \u00eates responsable des informations, profils, opinions, messages, commentaires et tout autre contenu (collectivement, le \u00ab\u00a0contenu\u00a0\u00bb) que vous publiez, distribuez ou partagez sur ou par l&rsquo;interm\u00e9diaire de notre site web ou des services disponibles en relation avec notre site web. Vous reconnaissez en outre que vous \u00eates enti\u00e8rement responsable du contenu, y compris, mais sans s&rsquo;y limiter, en ce qui concerne sa l\u00e9galit\u00e9, sa marque de commerce, son droit d&rsquo;auteur et toute autre propri\u00e9t\u00e9 intellectuelle. Vous acceptez que tout contenu soumis par vous en r\u00e9ponse \u00e0 une demande de soumission sp\u00e9cifique de notre part puisse \u00eatre \u00e9dit\u00e9, adapt\u00e9, modifi\u00e9, recr\u00e9\u00e9, publi\u00e9 ou distribu\u00e9 par nous. Vous convenez en outre que nous n&rsquo;avons aucune obligation de verser une compensation pour tout contenu ou de r\u00e9pondre \u00e0 tout contenu.<\/p>\n<p>Vous acceptez de ne pas publier, distribuer ou partager sur notre site Web un contenu prot\u00e9g\u00e9 par un droit d&rsquo;auteur, une marque de commerce, un brevet ou tout autre droit de propri\u00e9t\u00e9 sans le consentement expr\u00e8s du propri\u00e9taire de ce droit de propri\u00e9t\u00e9. Vous acceptez en outre que votre contenu ne soit pas ill\u00e9gal, abusif ou obsc\u00e8ne et qu&rsquo;il ne contienne aucun logiciel malveillant ou virus informatique susceptible d&rsquo;affecter le fonctionnement de notre site web. Vous serez seul responsable de tout contenu que vous produisez et de son exactitude. Nous n&rsquo;avons aucune responsabilit\u00e9 et n&rsquo;assumons aucune responsabilit\u00e9 pour tout contenu publi\u00e9 par vous ou par un tiers.<\/p>\n<p>Nous nous r\u00e9servons le droit de mettre fin \u00e0 votre capacit\u00e9 \u00e0 publier sur notre site web et de retirer et\/ou supprimer tout contenu que nous jugeons r\u00e9pr\u00e9hensible. Vous consentez \u00e0 ce retrait et\/ou \u00e0 cette suppression et renoncez \u00e0 toute r\u00e9clamation \u00e0 notre encontre pour le retrait et\/ou la suppression de votre contenu.<\/p>\n<p><b>7. Vos informations personnelles<\/b><\/p>\n<p>Veuillez consulter notre politique de confidentialit\u00e9 pour savoir comment nous recueillons, utilisons et partageons vos informations personnelles.<\/p>\n<p><b>8. Erreurs et omissions<\/b><\/p>\n<p>Veuillez noter que notre site web peut contenir des erreurs typographiques ou des inexactitudes et peut ne pas \u00eatre complet ou \u00e0 jour. Nous nous r\u00e9servons le droit de corriger toute erreur, inexactitude ou omission et de modifier ou mettre \u00e0 jour les informations \u00e0 tout moment, sans pr\u00e9avis (y compris apr\u00e8s qu&rsquo;une commande ait \u00e9t\u00e9 soumise). Ces erreurs, inexactitudes ou omissions peuvent concerner la description, le prix, la promotion et la disponibilit\u00e9 des produits et nous nous r\u00e9servons le droit d&rsquo;annuler ou de refuser toute commande pass\u00e9e sur la base d&rsquo;informations incorrectes en mati\u00e8re de prix ou de disponibilit\u00e9, dans la mesure autoris\u00e9e par la loi applicable.<\/p>\n<p>Nous ne nous engageons pas \u00e0 mettre \u00e0 jour, modifier ou clarifier les informations sur notre site web, sauf si la loi l&rsquo;exige.<\/p>\n<p><b>9. Exclusion et limitation de la responsabilit\u00e9<\/b><\/p>\n<p>Vous assumez l&rsquo;ensemble des responsabilit\u00e9s et des risques li\u00e9s \u00e0 l&rsquo;utilisation de notre site web, qui est fourni \u00ab\u00a0en l&rsquo;\u00e9tat\u00a0\u00bb, sans garantie, repr\u00e9sentation ou condition de quelque nature que ce soit, expresse ou implicite, en ce qui concerne les informations accessibles depuis ou via notre site web, y compris, sans s&rsquo;y limiter, l&rsquo;ensemble du contenu et des mat\u00e9riaux, et les fonctions et services fournis sur notre site web, qui sont tous fournis sans garantie d&rsquo;aucune sorte, y compris, mais sans s&rsquo;y limiter, les garanties concernant la disponibilit\u00e9, l&rsquo;exactitude, l&rsquo;exhaustivit\u00e9 ou l&rsquo;utilit\u00e9 du contenu ou des informations, l&rsquo;acc\u00e8s ininterrompu et toute garantie de titre, de non-violation, de qualit\u00e9 marchande ou d&rsquo;ad\u00e9quation \u00e0 un usage particulier. Nous ne garantissons pas que notre site web ou son fonctionnement ou le contenu et le mat\u00e9riel des services mis \u00e0 disposition par ce biais seront opportuns, s\u00e9curis\u00e9s, ininterrompus ou sans erreur, que les d\u00e9fauts seront corrig\u00e9s ou que nos sites web ou les serveurs qui rendent notre site web disponible sont exempts de virus ou d&rsquo;autres composants nuisibles.<\/p>\n<p>L&rsquo;utilisation de notre site web est \u00e0 vos risques et p\u00e9rils et vous assumez l&rsquo;enti\u00e8re responsabilit\u00e9 de tous les co\u00fbts associ\u00e9s \u00e0 votre utilisation de notre site web. Nous ne serons pas responsables des dommages de toute nature li\u00e9s \u00e0 l&rsquo;utilisation de notre site web.<\/p>\n<p><b>12. Renonciation<\/b><\/p>\n<p>Le fait que nous n&rsquo;exercions pas ou n&rsquo;appliquions pas un droit ou une disposition des Conditions ne constitue pas une renonciation \u00e0 ce droit ou \u00e0 cette disposition. Une renonciation de notre part \u00e0 tout d\u00e9faut ne constituera pas une renonciation \u00e0 tout d\u00e9faut ult\u00e9rieur. Aucune renonciation de notre part n&rsquo;est effective si elle ne vous est pas communiqu\u00e9e par \u00e9crit.<\/p>\n<p><b>13. Questions ou pr\u00e9occupations<\/b><\/p>\n<p>Veuillez nous envoyer toutes vos questions, commentaires et r\u00e9actions \u00e0 l&rsquo;adresse suivante : <b>info@trainerschoice.on.ca<\/b>.<\/p>\n","protected":false},"excerpt":{"rendered":"<p>1. Introduction Le pr\u00e9sent site Web est exploit\u00e9 par Trainers Choice Inc. Les termes \u00a0\u00bb nous \u00ab\u00a0, \u00a0\u00bb notre \u00a0\u00bb et \u00a0\u00bb nos \u00a0\u00bb font r\u00e9f\u00e9rence \u00e0 Trainers Choice. L&rsquo;utilisation de notre site Web est soumise aux conditions d&rsquo;utilisation suivantes, telles que modifi\u00e9es de temps \u00e0 autre (les \u00ab\u00a0Conditions\u00a0\u00bb). Les [&hellip;]<\/p>\n","protected":false},"author":1,"featured_media":0,"parent":0,"menu_order":0,"comment_status":"closed","ping_status":"closed","template":"","meta":{"_acf_changed":false,"footnotes":""},"class_list":["post-9591","page","type-page","status-publish","hentry"],"acf":[],"yoast_head":"<!-- This site is optimized with the Yoast SEO plugin v27.4 - https:\/\/yoast.com\/product\/yoast-seo-wordpress\/ -->\n<title>Termes et conditions - Bas de compression Trainers Choice<\/title>\n<meta name=\"description\" content=\"Chaussettes et bas de compression de qualit\u00e9, b\u00e9n\u00e9fiques pour les personnes ayant un travail physiquement exigeant et les athl\u00e8tes. Modalit\u00e9s et conditions.\" \/>\n<meta name=\"robots\" content=\"index, follow, max-snippet:-1, max-image-preview:large, max-video-preview:-1\" \/>\n<link rel=\"canonical\" href=\"https:\/\/www.trainerschoicestockings.ca\/fr\/termes-et-conditions\/\" \/>\n<meta property=\"og:locale\" content=\"fr_FR\" \/>\n<meta property=\"og:type\" content=\"article\" \/>\n<meta property=\"og:title\" content=\"Facebook - Le choix du formateur\" \/>\n<meta property=\"og:description\" content=\"Chaussettes et bas de compression de qualit\u00e9, b\u00e9n\u00e9fiques pour les personnes ayant un travail physiquement exigeant et les athl\u00e8tes.\" \/>\n<meta property=\"og:url\" content=\"https:\/\/www.trainerschoicestockings.ca\/fr\/termes-et-conditions\/\" \/>\n<meta property=\"og:site_name\" content=\"Bas de compression Trainers Choice\" \/>\n<meta property=\"article:publisher\" content=\"https:\/\/www.facebook.com\/people\/Trainers-Choice\/100063791190626\/\" \/>\n<meta property=\"article:modified_time\" content=\"2023-01-09T12:28:37+00:00\" \/>\n<meta property=\"og:image\" content=\"https:\/\/www.trainerschoicestockings.ca\/wp-content\/uploads\/2022\/05\/Trainers-Choice-SEO-Image-1024x538.png\" \/>\n<meta name=\"twitter:card\" content=\"summary_large_image\" \/>\n<meta name=\"twitter:label1\" content=\"Dur\u00e9e de lecture estim\u00e9e\" \/>\n\t<meta name=\"twitter:data1\" content=\"8 minutes\" \/>\n<script type=\"application\/ld+json\" class=\"yoast-schema-graph\">{\"@context\":\"https:\\\/\\\/schema.org\",\"@graph\":[{\"@type\":\"WebPage\",\"@id\":\"https:\\\/\\\/www.trainerschoicestockings.ca\\\/fr\\\/termes-et-conditions\\\/\",\"url\":\"https:\\\/\\\/www.trainerschoicestockings.ca\\\/fr\\\/termes-et-conditions\\\/\",\"name\":\"Termes et conditions - Bas de compression Trainers Choice\",\"isPartOf\":{\"@id\":\"https:\\\/\\\/www.trainerschoicestockings.ca\\\/fr\\\/#website\"},\"datePublished\":\"2019-03-17T21:19:40+00:00\",\"dateModified\":\"2023-01-09T12:28:37+00:00\",\"description\":\"Chaussettes et bas de compression de qualit\u00e9, b\u00e9n\u00e9fiques pour les personnes ayant un travail physiquement exigeant et les athl\u00e8tes. Modalit\u00e9s et conditions.\",\"breadcrumb\":{\"@id\":\"https:\\\/\\\/www.trainerschoicestockings.ca\\\/fr\\\/termes-et-conditions\\\/#breadcrumb\"},\"inLanguage\":\"fr-FR\",\"potentialAction\":[{\"@type\":\"ReadAction\",\"target\":[\"https:\\\/\\\/www.trainerschoicestockings.ca\\\/fr\\\/termes-et-conditions\\\/\"]}]},{\"@type\":\"BreadcrumbList\",\"@id\":\"https:\\\/\\\/www.trainerschoicestockings.ca\\\/fr\\\/termes-et-conditions\\\/#breadcrumb\",\"itemListElement\":[{\"@type\":\"ListItem\",\"position\":1,\"name\":\"Accueil\",\"item\":\"https:\\\/\\\/www.trainerschoicestockings.ca\\\/fr\\\/\"},{\"@type\":\"ListItem\",\"position\":2,\"name\":\"Termes et conditions\"}]},{\"@type\":\"WebSite\",\"@id\":\"https:\\\/\\\/www.trainerschoicestockings.ca\\\/fr\\\/#website\",\"url\":\"https:\\\/\\\/www.trainerschoicestockings.ca\\\/fr\\\/\",\"name\":\"Bas de compression Trainers Choice\",\"description\":\"Vivez votre vie. Soyez vous-m\u00eame.\",\"publisher\":{\"@id\":\"https:\\\/\\\/www.trainerschoicestockings.ca\\\/fr\\\/#organization\"},\"potentialAction\":[{\"@type\":\"SearchAction\",\"target\":{\"@type\":\"EntryPoint\",\"urlTemplate\":\"https:\\\/\\\/www.trainerschoicestockings.ca\\\/fr\\\/?s={search_term_string}\"},\"query-input\":{\"@type\":\"PropertyValueSpecification\",\"valueRequired\":true,\"valueName\":\"search_term_string\"}}],\"inLanguage\":\"fr-FR\"},{\"@type\":\"Organization\",\"@id\":\"https:\\\/\\\/www.trainerschoicestockings.ca\\\/fr\\\/#organization\",\"name\":\"Choix des formateurs\",\"url\":\"https:\\\/\\\/www.trainerschoicestockings.ca\\\/fr\\\/\",\"logo\":{\"@type\":\"ImageObject\",\"inLanguage\":\"fr-FR\",\"@id\":\"https:\\\/\\\/www.trainerschoicestockings.ca\\\/fr\\\/#\\\/schema\\\/logo\\\/image\\\/\",\"url\":\"https:\\\/\\\/i0.wp.com\\\/www.trainerschoicestockings.ca\\\/wp-content\\\/uploads\\\/2022\\\/02\\\/trainers-choice-logo.png?fit=420%2C200&ssl=1\",\"contentUrl\":\"https:\\\/\\\/i0.wp.com\\\/www.trainerschoicestockings.ca\\\/wp-content\\\/uploads\\\/2022\\\/02\\\/trainers-choice-logo.png?fit=420%2C200&ssl=1\",\"width\":420,\"height\":200,\"caption\":\"Choix des formateurs\"},\"image\":{\"@id\":\"https:\\\/\\\/www.trainerschoicestockings.ca\\\/fr\\\/#\\\/schema\\\/logo\\\/image\\\/\"},\"sameAs\":[\"https:\\\/\\\/www.facebook.com\\\/people\\\/Trainers-Choice\\\/100063791190626\\\/\",\"https:\\\/\\\/www.instagram.com\\\/trainers_choice_\\\/\"]}]}<\/script>\n<!-- \/ Yoast SEO plugin. -->","yoast_head_json":{"title":"Termes et conditions - Bas de compression Trainers Choice","description":"Chaussettes et bas de compression de qualit\u00e9, b\u00e9n\u00e9fiques pour les personnes ayant un travail physiquement exigeant et les athl\u00e8tes. Modalit\u00e9s et conditions.","robots":{"index":"index","follow":"follow","max-snippet":"max-snippet:-1","max-image-preview":"max-image-preview:large","max-video-preview":"max-video-preview:-1"},"canonical":"https:\/\/www.trainerschoicestockings.ca\/fr\/termes-et-conditions\/","og_locale":"fr_FR","og_type":"article","og_title":"Facebook - Le choix du formateur","og_description":"Chaussettes et bas de compression de qualit\u00e9, b\u00e9n\u00e9fiques pour les personnes ayant un travail physiquement exigeant et les athl\u00e8tes.","og_url":"https:\/\/www.trainerschoicestockings.ca\/fr\/termes-et-conditions\/","og_site_name":"Bas de compression Trainers Choice","article_publisher":"https:\/\/www.facebook.com\/people\/Trainers-Choice\/100063791190626\/","article_modified_time":"2023-01-09T12:28:37+00:00","og_image":[{"url":"https:\/\/www.trainerschoicestockings.ca\/wp-content\/uploads\/2022\/05\/Trainers-Choice-SEO-Image-1024x538.png","type":"","width":"","height":""}],"twitter_card":"summary_large_image","twitter_misc":{"Dur\u00e9e de lecture estim\u00e9e":"8 minutes"},"schema":{"@context":"https:\/\/schema.org","@graph":[{"@type":"WebPage","@id":"https:\/\/www.trainerschoicestockings.ca\/fr\/termes-et-conditions\/","url":"https:\/\/www.trainerschoicestockings.ca\/fr\/termes-et-conditions\/","name":"Termes et conditions - Bas de compression Trainers Choice","isPartOf":{"@id":"https:\/\/www.trainerschoicestockings.ca\/fr\/#website"},"datePublished":"2019-03-17T21:19:40+00:00","dateModified":"2023-01-09T12:28:37+00:00","description":"Chaussettes et bas de compression de qualit\u00e9, b\u00e9n\u00e9fiques pour les personnes ayant un travail physiquement exigeant et les athl\u00e8tes. Modalit\u00e9s et conditions.","breadcrumb":{"@id":"https:\/\/www.trainerschoicestockings.ca\/fr\/termes-et-conditions\/#breadcrumb"},"inLanguage":"fr-FR","potentialAction":[{"@type":"ReadAction","target":["https:\/\/www.trainerschoicestockings.ca\/fr\/termes-et-conditions\/"]}]},{"@type":"BreadcrumbList","@id":"https:\/\/www.trainerschoicestockings.ca\/fr\/termes-et-conditions\/#breadcrumb","itemListElement":[{"@type":"ListItem","position":1,"name":"Accueil","item":"https:\/\/www.trainerschoicestockings.ca\/fr\/"},{"@type":"ListItem","position":2,"name":"Termes et conditions"}]},{"@type":"WebSite","@id":"https:\/\/www.trainerschoicestockings.ca\/fr\/#website","url":"https:\/\/www.trainerschoicestockings.ca\/fr\/","name":"Bas de compression Trainers Choice","description":"Vivez votre vie. Soyez vous-m\u00eame.","publisher":{"@id":"https:\/\/www.trainerschoicestockings.ca\/fr\/#organization"},"potentialAction":[{"@type":"SearchAction","target":{"@type":"EntryPoint","urlTemplate":"https:\/\/www.trainerschoicestockings.ca\/fr\/?s={search_term_string}"},"query-input":{"@type":"PropertyValueSpecification","valueRequired":true,"valueName":"search_term_string"}}],"inLanguage":"fr-FR"},{"@type":"Organization","@id":"https:\/\/www.trainerschoicestockings.ca\/fr\/#organization","name":"Choix des formateurs","url":"https:\/\/www.trainerschoicestockings.ca\/fr\/","logo":{"@type":"ImageObject","inLanguage":"fr-FR","@id":"https:\/\/www.trainerschoicestockings.ca\/fr\/#\/schema\/logo\/image\/","url":"https:\/\/i0.wp.com\/www.trainerschoicestockings.ca\/wp-content\/uploads\/2022\/02\/trainers-choice-logo.png?fit=420%2C200&ssl=1","contentUrl":"https:\/\/i0.wp.com\/www.trainerschoicestockings.ca\/wp-content\/uploads\/2022\/02\/trainers-choice-logo.png?fit=420%2C200&ssl=1","width":420,"height":200,"caption":"Choix des formateurs"},"image":{"@id":"https:\/\/www.trainerschoicestockings.ca\/fr\/#\/schema\/logo\/image\/"},"sameAs":["https:\/\/www.facebook.com\/people\/Trainers-Choice\/100063791190626\/","https:\/\/www.instagram.com\/trainers_choice_\/"]}]}},"_links":{"self":[{"href":"https:\/\/www.trainerschoicestockings.ca\/fr\/wp-json\/wp\/v2\/pages\/9591","targetHints":{"allow":["GET"]}}],"collection":[{"href":"https:\/\/www.trainerschoicestockings.ca\/fr\/wp-json\/wp\/v2\/pages"}],"about":[{"href":"https:\/\/www.trainerschoicestockings.ca\/fr\/wp-json\/wp\/v2\/types\/page"}],"author":[{"embeddable":true,"href":"https:\/\/www.trainerschoicestockings.ca\/fr\/wp-json\/wp\/v2\/users\/1"}],"replies":[{"embeddable":true,"href":"https:\/\/www.trainerschoicestockings.ca\/fr\/wp-json\/wp\/v2\/comments?post=9591"}],"version-history":[{"count":1,"href":"https:\/\/www.trainerschoicestockings.ca\/fr\/wp-json\/wp\/v2\/pages\/9591\/revisions"}],"predecessor-version":[{"id":9603,"href":"https:\/\/www.trainerschoicestockings.ca\/fr\/wp-json\/wp\/v2\/pages\/9591\/revisions\/9603"}],"wp:attachment":[{"href":"https:\/\/www.trainerschoicestockings.ca\/fr\/wp-json\/wp\/v2\/media?parent=9591"}],"curies":[{"name":"wp","href":"https:\/\/api.w.org\/{rel}","templated":true}]}}