{"id":9674,"date":"2022-10-31T17:07:46","date_gmt":"2022-10-31T21:07:46","guid":{"rendered":"https:\/\/www.trainerschoicestockings.ca\/conditions-de-lautorisation-et-du-consentement-francais\/"},"modified":"2022-10-31T17:07:46","modified_gmt":"2022-10-31T21:07:46","slug":"conditions-de-lautorisation-et-du-consentement-francais","status":"publish","type":"page","link":"https:\/\/www.trainerschoicestockings.ca\/fr\/conditions-de-lautorisation-et-du-consentement-francais\/","title":{"rendered":"Conditions de l&rsquo;autorisation et du consentement fran\u00e7ais"},"content":{"rendered":"<p>Consentement \u00e0 la collecte et \u00e0 la divulgation de renseignements personnels<\/p>\n<p><strong>Mais<\/strong><\/p>\n<p>Les renseignements personnels recueillis et divulgu\u00e9s \u00e0 votre sujet par Trainers Choice Inc. (\u00a0\u00bb Trainers Choice \u00ab\u00a0) sont utilis\u00e9s par la Compagnie d&rsquo;Assurance-Vie Manufacturers (\u00a0\u00bb Manuvie \u00ab\u00a0) et (ou) OTIP\/RAEO Benefits Inc. (\u00a0\u00bb RAEO \u00ab\u00a0) comme gestionnaire de votre r\u00e9gime d&rsquo;assurance collective ainsi que par leurs fournisseurs de services dans le but d&rsquo;\u00e9valuer l&rsquo;admissibilit\u00e9 de vos demandes de r\u00e8glement, de g\u00e9rer le r\u00e9gime d&rsquo;assurance collective et de g\u00e9rer et d&rsquo;analyser les donn\u00e9es \u00e0 l&rsquo;interne.<\/p>\n<p><strong>Consentement et autorisation<\/strong><\/p>\n<p>J&rsquo;autorise Trainers Choice \u00e0 recueillir, utiliser et divulguer des renseignements personnels au sujet de toute demande de r\u00e8glement pr\u00e9sent\u00e9e en mon nom aupr\u00e8s de la Manuvie et (ou) du RAEO et leurs fournisseurs de service dans le but susmentionn\u00e9.<\/p>\n<p>J&rsquo;autorise la Manuvie et (ou) le RAEO et leurs fournisseurs de service \u00e0 :<\/p>\n<ul>\n<li>utiliser mes renseignements personnels aux fins susmentionn\u00e9es ;<\/li>\n<li>divulguer des renseignements personnels \u00e0 toute personne ou tout organisme, y compris des professionnels de la sant\u00e9, des organismes d&rsquo;enqu\u00eate, des assureurs et des r\u00e9assureurs, des gestionnaires de prestations gouvernementales ou d&rsquo;autres programmes de prestations, d&rsquo;autres organismes ou des fournisseurs de service qui collaborent avec lesdits assureur et (ou) gestionnaire de r\u00e9gime ou quelque autre des intervenants susmentionn\u00e9s lorsque c&rsquo;est pertinent aux fins \u00e9nonc\u00e9es ; et<\/li>\n<li>s&rsquo;il y a lieu, divulguer des renseignements personnels au sujet de toute demande de r\u00e8glement \u00e0 tout cessionnaire des prestations payables et divulguer des renseignements personnels dans le but susmentionn\u00e9 par voie \u00e9lectronique ou de toute autre mani\u00e8re.<\/li>\n<\/ul>\n<p>Je comprends que mes renseignements personnels pourraient devoir \u00eatre divulgu\u00e9s aux personnes autoris\u00e9es en vertu des lois applicables.<\/p>\n<p>Je conviens qu&rsquo;une photocopie ou une version \u00e9lectronique de la pr\u00e9sente autorisation sera aussi valide que l&rsquo;original et que cette autorisation pourrait demeurer en vigueur pendant toute la dur\u00e9e de la gestion du r\u00e9gime d&rsquo;assurance collective.<\/p>\n<p>S&rsquo;il y a un trop-per\u00e7u, j&rsquo;autorise le recouvrement du montant total du trop-per\u00e7u en le d\u00e9duisant de tout montant payable aux termes du r\u00e9gime d&rsquo;assurance collective ; en outre, j&rsquo;autorise \u00e0 cette fin la divulgation de renseignements personnels \u00e0 d&rsquo;autres personnes ou d&rsquo;autres organismes, y compris des agences d&rsquo;\u00e9valuation du cr\u00e9dit et, s&rsquo;il y a lieu, le promoteur de mon r\u00e9gime d&rsquo;assurance.<\/p>\n<p>Si le patient ou la patiente est une personne autre que moi, je confirme que cette personne a consenti \u00e0 fournir ses renseignements personnels afin que Trainers Choice, la Manuvie et (ou) le RAEO et leurs fournisseurs de service puissent les utiliser et les divulguer comme d\u00e9crit pr\u00e9c\u00e9demment.<\/p>\n<p><strong>Conditions de la cession des prestations<\/strong><\/p>\n<p>Par les pr\u00e9sentes, je c\u00e8de les prestations payables pour les demandes de r\u00e8glement admissibles \u00e0 Trainers Choice, qui est responsable de la pr\u00e9sentation de mes demandes de r\u00e8glement au r\u00e9gime d&rsquo;assurance collective par voie \u00e9lectronique ; en outre, j&rsquo;autorise la Manuvie \u00e0 payer directement Trainers Choice. Dans l&rsquo;\u00e9ventualit\u00e9 o\u00f9 ma ou mes demandes de r\u00e8glement sont refus\u00e9es par la Manuvie et (ou) par le RAEO, je comprends que je conserve la responsabilit\u00e9 de payer Trainers Choice pour les services et (ou) les fournitures donn\u00e9s.<\/p>\n<p>Je reconnais et j&rsquo;accepte que tout versement de prestation conforme \u00e0 la pr\u00e9sente cession d\u00e9gage la Manuvie et (ou) le RAEO de toute obligation relativement au versement de ladite prestation. Dans l&rsquo;\u00e9ventualit\u00e9 o\u00f9 la prestation m&rsquo;est vers\u00e9e, la Manuvie et (ou) le RAEO seront de m\u00eame d\u00e9gag\u00e9s de toute obligation relativement au versement de ladite prestation.<\/p>\n<p>Si je suis le conjoint ou la conjointe ou une personne \u00e0 charge, je confirme que je suis autoris\u00e9.e par le membre du r\u00e9gime \u00e0 signer une cession de prestations \u00e0 Trainers Choice.<\/p>\n<p><em>Tous les renseignements apparaissant dans les pr\u00e9sentes sont prot\u00e9g\u00e9s par les lois sur la protection de la vie priv\u00e9e, y compris la Loi sur la protection des renseignements personnels et les documents \u00e9lectroniques (LPRPDE) et toutes les lois provinciales correspondantes. Tous les utilisateurs et toutes les utilisatrices consentent \u00e0 prot\u00e9ger les renseignements m\u00e9dicaux personnels contenus dans les pr\u00e9sentes contre toute utilisation, toute divulgation, toute perte, tout vol ou toute compromission non autoris\u00e9e, conform\u00e9ment aux lois susmentionn\u00e9es et en s&rsquo;appliquant \u00e0 les prot\u00e9ger au moins tout autant que s&rsquo;il s&rsquo;agissait de leurs renseignements confidentiels. Tout acc\u00e8s \u00e0, toute divulgation de ou toute utilisation de ces renseignements qui n&rsquo;a pas \u00e9t\u00e9 autoris\u00e9 est ill\u00e9gal.<\/em><\/p>\n","protected":false},"excerpt":{"rendered":"<p>Consentement \u00e0 la collecte et \u00e0 la divulgation de renseignements personnels Mais Les renseignements personnels recueillis et divulgu\u00e9s \u00e0 votre sujet par Trainers Choice Inc. (\u00a0\u00bb Trainers Choice \u00ab\u00a0) sont utilis\u00e9s par la Compagnie d&rsquo;Assurance-Vie Manufacturers (\u00a0\u00bb Manuvie \u00ab\u00a0) et (ou) OTIP\/RAEO Benefits Inc. (\u00a0\u00bb RAEO \u00ab\u00a0) comme gestionnaire de [&hellip;]<\/p>\n","protected":false},"author":2,"featured_media":0,"parent":0,"menu_order":0,"comment_status":"closed","ping_status":"closed","template":"","meta":{"_acf_changed":false,"footnotes":""},"class_list":["post-9674","page","type-page","status-publish","hentry"],"acf":[],"yoast_head":"<!-- This site is optimized with the Yoast SEO plugin v27.4 - https:\/\/yoast.com\/product\/yoast-seo-wordpress\/ -->\n<title>Conditions de l&#039;autorisation et du consentement fran\u00e7ais - Bas de compression Trainers Choice<\/title>\n<meta name=\"robots\" content=\"index, follow, max-snippet:-1, max-image-preview:large, max-video-preview:-1\" \/>\n<link rel=\"canonical\" href=\"https:\/\/www.trainerschoicestockings.ca\/fr\/conditions-de-lautorisation-et-du-consentement-francais\/\" \/>\n<meta property=\"og:locale\" content=\"fr_FR\" \/>\n<meta property=\"og:type\" content=\"article\" \/>\n<meta property=\"og:title\" content=\"Conditions de l&#039;autorisation et du consentement fran\u00e7ais - Bas de compression Trainers Choice\" \/>\n<meta property=\"og:description\" content=\"Consentement \u00e0 la collecte et \u00e0 la divulgation de renseignements personnels Mais Les renseignements personnels recueillis et divulgu\u00e9s \u00e0 votre sujet par Trainers Choice Inc. (\u00a0\u00bb Trainers Choice \u00ab\u00a0) sont utilis\u00e9s par la Compagnie d&rsquo;Assurance-Vie Manufacturers (\u00a0\u00bb Manuvie \u00ab\u00a0) et (ou) OTIP\/RAEO Benefits Inc. (\u00a0\u00bb RAEO \u00ab\u00a0) comme gestionnaire de [&hellip;]\" \/>\n<meta property=\"og:url\" content=\"https:\/\/www.trainerschoicestockings.ca\/fr\/conditions-de-lautorisation-et-du-consentement-francais\/\" \/>\n<meta property=\"og:site_name\" content=\"Bas de compression Trainers Choice\" \/>\n<meta property=\"article:publisher\" content=\"https:\/\/www.facebook.com\/people\/Trainers-Choice\/100063791190626\/\" \/>\n<meta name=\"twitter:card\" content=\"summary_large_image\" \/>\n<meta name=\"twitter:label1\" content=\"Dur\u00e9e de lecture estim\u00e9e\" \/>\n\t<meta name=\"twitter:data1\" content=\"4 minutes\" \/>\n<script type=\"application\/ld+json\" class=\"yoast-schema-graph\">{\"@context\":\"https:\\\/\\\/schema.org\",\"@graph\":[{\"@type\":\"WebPage\",\"@id\":\"https:\\\/\\\/www.trainerschoicestockings.ca\\\/fr\\\/conditions-de-lautorisation-et-du-consentement-francais\\\/\",\"url\":\"https:\\\/\\\/www.trainerschoicestockings.ca\\\/fr\\\/conditions-de-lautorisation-et-du-consentement-francais\\\/\",\"name\":\"Conditions de l'autorisation et du consentement fran\u00e7ais - Bas de compression Trainers Choice\",\"isPartOf\":{\"@id\":\"https:\\\/\\\/www.trainerschoicestockings.ca\\\/fr\\\/#website\"},\"datePublished\":\"2022-10-31T21:07:46+00:00\",\"breadcrumb\":{\"@id\":\"https:\\\/\\\/www.trainerschoicestockings.ca\\\/fr\\\/conditions-de-lautorisation-et-du-consentement-francais\\\/#breadcrumb\"},\"inLanguage\":\"fr-FR\",\"potentialAction\":[{\"@type\":\"ReadAction\",\"target\":[\"https:\\\/\\\/www.trainerschoicestockings.ca\\\/fr\\\/conditions-de-lautorisation-et-du-consentement-francais\\\/\"]}]},{\"@type\":\"BreadcrumbList\",\"@id\":\"https:\\\/\\\/www.trainerschoicestockings.ca\\\/fr\\\/conditions-de-lautorisation-et-du-consentement-francais\\\/#breadcrumb\",\"itemListElement\":[{\"@type\":\"ListItem\",\"position\":1,\"name\":\"Accueil\",\"item\":\"https:\\\/\\\/www.trainerschoicestockings.ca\\\/fr\\\/\"},{\"@type\":\"ListItem\",\"position\":2,\"name\":\"Conditions de l&rsquo;autorisation et du consentement fran\u00e7ais\"}]},{\"@type\":\"WebSite\",\"@id\":\"https:\\\/\\\/www.trainerschoicestockings.ca\\\/fr\\\/#website\",\"url\":\"https:\\\/\\\/www.trainerschoicestockings.ca\\\/fr\\\/\",\"name\":\"Bas de compression Trainers Choice\",\"description\":\"Vivez votre vie. Soyez vous-m\u00eame.\",\"publisher\":{\"@id\":\"https:\\\/\\\/www.trainerschoicestockings.ca\\\/fr\\\/#organization\"},\"potentialAction\":[{\"@type\":\"SearchAction\",\"target\":{\"@type\":\"EntryPoint\",\"urlTemplate\":\"https:\\\/\\\/www.trainerschoicestockings.ca\\\/fr\\\/?s={search_term_string}\"},\"query-input\":{\"@type\":\"PropertyValueSpecification\",\"valueRequired\":true,\"valueName\":\"search_term_string\"}}],\"inLanguage\":\"fr-FR\"},{\"@type\":\"Organization\",\"@id\":\"https:\\\/\\\/www.trainerschoicestockings.ca\\\/fr\\\/#organization\",\"name\":\"Choix des formateurs\",\"url\":\"https:\\\/\\\/www.trainerschoicestockings.ca\\\/fr\\\/\",\"logo\":{\"@type\":\"ImageObject\",\"inLanguage\":\"fr-FR\",\"@id\":\"https:\\\/\\\/www.trainerschoicestockings.ca\\\/fr\\\/#\\\/schema\\\/logo\\\/image\\\/\",\"url\":\"https:\\\/\\\/i0.wp.com\\\/www.trainerschoicestockings.ca\\\/wp-content\\\/uploads\\\/2022\\\/02\\\/trainers-choice-logo.png?fit=420%2C200&ssl=1\",\"contentUrl\":\"https:\\\/\\\/i0.wp.com\\\/www.trainerschoicestockings.ca\\\/wp-content\\\/uploads\\\/2022\\\/02\\\/trainers-choice-logo.png?fit=420%2C200&ssl=1\",\"width\":420,\"height\":200,\"caption\":\"Choix des formateurs\"},\"image\":{\"@id\":\"https:\\\/\\\/www.trainerschoicestockings.ca\\\/fr\\\/#\\\/schema\\\/logo\\\/image\\\/\"},\"sameAs\":[\"https:\\\/\\\/www.facebook.com\\\/people\\\/Trainers-Choice\\\/100063791190626\\\/\",\"https:\\\/\\\/www.instagram.com\\\/trainers_choice_\\\/\"]}]}<\/script>\n<!-- \/ Yoast SEO plugin. -->","yoast_head_json":{"title":"Conditions de l'autorisation et du consentement fran\u00e7ais - Bas de compression Trainers Choice","robots":{"index":"index","follow":"follow","max-snippet":"max-snippet:-1","max-image-preview":"max-image-preview:large","max-video-preview":"max-video-preview:-1"},"canonical":"https:\/\/www.trainerschoicestockings.ca\/fr\/conditions-de-lautorisation-et-du-consentement-francais\/","og_locale":"fr_FR","og_type":"article","og_title":"Conditions de l'autorisation et du consentement fran\u00e7ais - Bas de compression Trainers Choice","og_description":"Consentement \u00e0 la collecte et \u00e0 la divulgation de renseignements personnels Mais Les renseignements personnels recueillis et divulgu\u00e9s \u00e0 votre sujet par Trainers Choice Inc. (\u00a0\u00bb Trainers Choice \u00ab\u00a0) sont utilis\u00e9s par la Compagnie d&rsquo;Assurance-Vie Manufacturers (\u00a0\u00bb Manuvie \u00ab\u00a0) et (ou) OTIP\/RAEO Benefits Inc. (\u00a0\u00bb RAEO \u00ab\u00a0) comme gestionnaire de [&hellip;]","og_url":"https:\/\/www.trainerschoicestockings.ca\/fr\/conditions-de-lautorisation-et-du-consentement-francais\/","og_site_name":"Bas de compression Trainers Choice","article_publisher":"https:\/\/www.facebook.com\/people\/Trainers-Choice\/100063791190626\/","twitter_card":"summary_large_image","twitter_misc":{"Dur\u00e9e de lecture estim\u00e9e":"4 minutes"},"schema":{"@context":"https:\/\/schema.org","@graph":[{"@type":"WebPage","@id":"https:\/\/www.trainerschoicestockings.ca\/fr\/conditions-de-lautorisation-et-du-consentement-francais\/","url":"https:\/\/www.trainerschoicestockings.ca\/fr\/conditions-de-lautorisation-et-du-consentement-francais\/","name":"Conditions de l'autorisation et du consentement fran\u00e7ais - Bas de compression Trainers Choice","isPartOf":{"@id":"https:\/\/www.trainerschoicestockings.ca\/fr\/#website"},"datePublished":"2022-10-31T21:07:46+00:00","breadcrumb":{"@id":"https:\/\/www.trainerschoicestockings.ca\/fr\/conditions-de-lautorisation-et-du-consentement-francais\/#breadcrumb"},"inLanguage":"fr-FR","potentialAction":[{"@type":"ReadAction","target":["https:\/\/www.trainerschoicestockings.ca\/fr\/conditions-de-lautorisation-et-du-consentement-francais\/"]}]},{"@type":"BreadcrumbList","@id":"https:\/\/www.trainerschoicestockings.ca\/fr\/conditions-de-lautorisation-et-du-consentement-francais\/#breadcrumb","itemListElement":[{"@type":"ListItem","position":1,"name":"Accueil","item":"https:\/\/www.trainerschoicestockings.ca\/fr\/"},{"@type":"ListItem","position":2,"name":"Conditions de l&rsquo;autorisation et du consentement fran\u00e7ais"}]},{"@type":"WebSite","@id":"https:\/\/www.trainerschoicestockings.ca\/fr\/#website","url":"https:\/\/www.trainerschoicestockings.ca\/fr\/","name":"Bas de compression Trainers Choice","description":"Vivez votre vie. Soyez vous-m\u00eame.","publisher":{"@id":"https:\/\/www.trainerschoicestockings.ca\/fr\/#organization"},"potentialAction":[{"@type":"SearchAction","target":{"@type":"EntryPoint","urlTemplate":"https:\/\/www.trainerschoicestockings.ca\/fr\/?s={search_term_string}"},"query-input":{"@type":"PropertyValueSpecification","valueRequired":true,"valueName":"search_term_string"}}],"inLanguage":"fr-FR"},{"@type":"Organization","@id":"https:\/\/www.trainerschoicestockings.ca\/fr\/#organization","name":"Choix des formateurs","url":"https:\/\/www.trainerschoicestockings.ca\/fr\/","logo":{"@type":"ImageObject","inLanguage":"fr-FR","@id":"https:\/\/www.trainerschoicestockings.ca\/fr\/#\/schema\/logo\/image\/","url":"https:\/\/i0.wp.com\/www.trainerschoicestockings.ca\/wp-content\/uploads\/2022\/02\/trainers-choice-logo.png?fit=420%2C200&ssl=1","contentUrl":"https:\/\/i0.wp.com\/www.trainerschoicestockings.ca\/wp-content\/uploads\/2022\/02\/trainers-choice-logo.png?fit=420%2C200&ssl=1","width":420,"height":200,"caption":"Choix des formateurs"},"image":{"@id":"https:\/\/www.trainerschoicestockings.ca\/fr\/#\/schema\/logo\/image\/"},"sameAs":["https:\/\/www.facebook.com\/people\/Trainers-Choice\/100063791190626\/","https:\/\/www.instagram.com\/trainers_choice_\/"]}]}},"_links":{"self":[{"href":"https:\/\/www.trainerschoicestockings.ca\/fr\/wp-json\/wp\/v2\/pages\/9674","targetHints":{"allow":["GET"]}}],"collection":[{"href":"https:\/\/www.trainerschoicestockings.ca\/fr\/wp-json\/wp\/v2\/pages"}],"about":[{"href":"https:\/\/www.trainerschoicestockings.ca\/fr\/wp-json\/wp\/v2\/types\/page"}],"author":[{"embeddable":true,"href":"https:\/\/www.trainerschoicestockings.ca\/fr\/wp-json\/wp\/v2\/users\/2"}],"replies":[{"embeddable":true,"href":"https:\/\/www.trainerschoicestockings.ca\/fr\/wp-json\/wp\/v2\/comments?post=9674"}],"version-history":[{"count":0,"href":"https:\/\/www.trainerschoicestockings.ca\/fr\/wp-json\/wp\/v2\/pages\/9674\/revisions"}],"wp:attachment":[{"href":"https:\/\/www.trainerschoicestockings.ca\/fr\/wp-json\/wp\/v2\/media?parent=9674"}],"curies":[{"name":"wp","href":"https:\/\/api.w.org\/{rel}","templated":true}]}}