{"id":10524,"date":"2022-04-07T11:09:23","date_gmt":"2022-04-07T15:09:23","guid":{"rendered":"https:\/\/www.trainerschoicestockings.ca\/product\/jobst-casual-pattern-hauteur-de-genou-regulier-medical\/"},"modified":"2023-04-04T15:01:24","modified_gmt":"2023-04-04T19:01:24","slug":"jobst-casual-pattern-medical-regular-knee-high","status":"publish","type":"product","link":"https:\/\/www.trainerschoicestockings.ca\/fr\/produit\/jobst-casual-pattern-medical-regular-knee-high\/","title":{"rendered":"JOBST Casual Pattern, hauteur de genou, r\u00e9gulier, m\u00e9dical"},"content":{"rendered":"<p style=\"text-align: left;\">Les bas Casual Pattern de JOBST se caract\u00e9risent par une s\u00e9quence de tricotage unique laissant moins de marques de pression sur les jambes. Le tissu doux et respirant offre une alternative agr\u00e9able aux bas de compression classiques et se porte confortablement toute la journ\u00e9e. <\/p>\n<p>\u2022 Confort naturel<br \/>\n&#8211; Soft Touch<br \/>\n\u2022 Respirant<\/p>\n","protected":false},"excerpt":{"rendered":"<p>\u2022 Bas de compression d\u00e9contract\u00e9s \u00e0 motifs attrayants.<br \/>\n\u2022 Avec bande SoftFit.<\/p>\n","protected":false},"featured_media":9155,"comment_status":"closed","ping_status":"closed","template":"","meta":{"_acf_changed":false},"product_brand":[],"product_cat":[204,209],"product_tag":[],"class_list":{"0":"post-10524","1":"product","2":"type-product","3":"status-publish","4":"has-post-thumbnail","6":"product_cat-bas-medicaux","7":"product_cat-jobst-fr","8":"pa_colour-bleuocean","9":"pa_colour-gris-gunmetal","10":"pa_compression-20-30-mmhg-fr","11":"pa_compression-30-40-mmhg-fr","12":"pa_gender-unisexe","13":"pa_size-g-fr","14":"pa_size-m-fr","15":"pa_size-p-fr","16":"pa_size-tg-fr","17":"pa_style-bas-genou","18":"pa_toe-pointe-fermee","20":"first","21":"instock","22":"taxable","23":"shipping-taxable","24":"purchasable","25":"product-type-variable"},"acf":[],"yoast_head":"<!-- This site is optimized with the Yoast SEO plugin v27.5 - https:\/\/yoast.com\/product\/yoast-seo-wordpress\/ -->\n<title>JOBST Casual Pattern, hauteur de genou, r\u00e9gulier, m\u00e9dical - Bas de compression Trainers Choice<\/title>\n<meta name=\"robots\" content=\"index, follow, max-snippet:-1, max-image-preview:large, max-video-preview:-1\" \/>\n<link rel=\"canonical\" href=\"https:\/\/www.trainerschoicestockings.ca\/fr\/produit\/jobst-casual-pattern-medical-regular-knee-high\/\" \/>\n<meta property=\"og:locale\" content=\"fr_FR\" \/>\n<meta property=\"og:type\" content=\"article\" \/>\n<meta property=\"og:title\" content=\"JOBST Casual Pattern, hauteur de genou, r\u00e9gulier, m\u00e9dical - Bas de compression Trainers Choice\" \/>\n<meta property=\"og:description\" content=\"\u2022 Bas de compression d\u00e9contract\u00e9s \u00e0 motifs attrayants. \u2022 Avec bande SoftFit.\" \/>\n<meta property=\"og:url\" content=\"https:\/\/www.trainerschoicestockings.ca\/fr\/produit\/jobst-casual-pattern-medical-regular-knee-high\/\" \/>\n<meta property=\"og:site_name\" content=\"Bas de compression Trainers Choice\" \/>\n<meta property=\"article:publisher\" content=\"https:\/\/www.facebook.com\/people\/Trainers-Choice\/100063791190626\/\" \/>\n<meta property=\"article:modified_time\" content=\"2023-04-04T19:01:24+00:00\" \/>\n<meta property=\"og:image\" content=\"https:\/\/www.trainerschoicestockings.ca\/wp-content\/uploads\/2022\/03\/JOBST_Casual_Pattern_GunmetalGrey_product_shot_on_leg-scaled-compress.jpg\" \/>\n\t<meta property=\"og:image:width\" content=\"992\" \/>\n\t<meta property=\"og:image:height\" content=\"1080\" \/>\n\t<meta property=\"og:image:type\" content=\"image\/jpeg\" \/>\n<meta name=\"twitter:card\" content=\"summary_large_image\" \/>\n<script type=\"application\/ld+json\" class=\"yoast-schema-graph\">{\"@context\":\"https:\\\/\\\/schema.org\",\"@graph\":[{\"@type\":\"WebPage\",\"@id\":\"https:\\\/\\\/www.trainerschoicestockings.ca\\\/fr\\\/produit\\\/jobst-casual-pattern-medical-regular-knee-high\\\/\",\"url\":\"https:\\\/\\\/www.trainerschoicestockings.ca\\\/fr\\\/produit\\\/jobst-casual-pattern-medical-regular-knee-high\\\/\",\"name\":\"JOBST Casual Pattern, hauteur de genou, r\u00e9gulier, m\u00e9dical - Bas de compression Trainers Choice\",\"isPartOf\":{\"@id\":\"https:\\\/\\\/www.trainerschoicestockings.ca\\\/fr\\\/#website\"},\"primaryImageOfPage\":{\"@id\":\"https:\\\/\\\/www.trainerschoicestockings.ca\\\/fr\\\/produit\\\/jobst-casual-pattern-medical-regular-knee-high\\\/#primaryimage\"},\"image\":{\"@id\":\"https:\\\/\\\/www.trainerschoicestockings.ca\\\/fr\\\/produit\\\/jobst-casual-pattern-medical-regular-knee-high\\\/#primaryimage\"},\"thumbnailUrl\":\"https:\\\/\\\/www.trainerschoicestockings.ca\\\/wp-content\\\/uploads\\\/2022\\\/03\\\/JOBST_Casual_Pattern_GunmetalGrey_product_shot_on_leg-scaled-compress.jpg\",\"datePublished\":\"2022-04-07T15:09:23+00:00\",\"dateModified\":\"2023-04-04T19:01:24+00:00\",\"breadcrumb\":{\"@id\":\"https:\\\/\\\/www.trainerschoicestockings.ca\\\/fr\\\/produit\\\/jobst-casual-pattern-medical-regular-knee-high\\\/#breadcrumb\"},\"inLanguage\":\"fr-FR\",\"potentialAction\":[{\"@type\":\"ReadAction\",\"target\":[\"https:\\\/\\\/www.trainerschoicestockings.ca\\\/fr\\\/produit\\\/jobst-casual-pattern-medical-regular-knee-high\\\/\"]}]},{\"@type\":\"ImageObject\",\"inLanguage\":\"fr-FR\",\"@id\":\"https:\\\/\\\/www.trainerschoicestockings.ca\\\/fr\\\/produit\\\/jobst-casual-pattern-medical-regular-knee-high\\\/#primaryimage\",\"url\":\"https:\\\/\\\/www.trainerschoicestockings.ca\\\/wp-content\\\/uploads\\\/2022\\\/03\\\/JOBST_Casual_Pattern_GunmetalGrey_product_shot_on_leg-scaled-compress.jpg\",\"contentUrl\":\"https:\\\/\\\/www.trainerschoicestockings.ca\\\/wp-content\\\/uploads\\\/2022\\\/03\\\/JOBST_Casual_Pattern_GunmetalGrey_product_shot_on_leg-scaled-compress.jpg\",\"width\":992,\"height\":1080,\"caption\":\"Jobst for Men Medical Knee High Socks\"},{\"@type\":\"BreadcrumbList\",\"@id\":\"https:\\\/\\\/www.trainerschoicestockings.ca\\\/fr\\\/produit\\\/jobst-casual-pattern-medical-regular-knee-high\\\/#breadcrumb\",\"itemListElement\":[{\"@type\":\"ListItem\",\"position\":1,\"name\":\"Accueil\",\"item\":\"https:\\\/\\\/www.trainerschoicestockings.ca\\\/fr\\\/\"},{\"@type\":\"ListItem\",\"position\":2,\"name\":\"Boutique\",\"item\":\"https:\\\/\\\/www.trainerschoicestockings.ca\\\/fr\\\/boutique\\\/\"},{\"@type\":\"ListItem\",\"position\":3,\"name\":\"JOBST Casual Pattern, hauteur de genou, r\u00e9gulier, m\u00e9dical\"}]},{\"@type\":\"WebSite\",\"@id\":\"https:\\\/\\\/www.trainerschoicestockings.ca\\\/fr\\\/#website\",\"url\":\"https:\\\/\\\/www.trainerschoicestockings.ca\\\/fr\\\/\",\"name\":\"Bas de compression Trainers Choice\",\"description\":\"Vivez votre vie. Soyez vous-m\u00eame.\",\"publisher\":{\"@id\":\"https:\\\/\\\/www.trainerschoicestockings.ca\\\/fr\\\/#organization\"},\"potentialAction\":[{\"@type\":\"SearchAction\",\"target\":{\"@type\":\"EntryPoint\",\"urlTemplate\":\"https:\\\/\\\/www.trainerschoicestockings.ca\\\/fr\\\/?s={search_term_string}\"},\"query-input\":{\"@type\":\"PropertyValueSpecification\",\"valueRequired\":true,\"valueName\":\"search_term_string\"}}],\"inLanguage\":\"fr-FR\"},{\"@type\":\"Organization\",\"@id\":\"https:\\\/\\\/www.trainerschoicestockings.ca\\\/fr\\\/#organization\",\"name\":\"Choix des formateurs\",\"url\":\"https:\\\/\\\/www.trainerschoicestockings.ca\\\/fr\\\/\",\"logo\":{\"@type\":\"ImageObject\",\"inLanguage\":\"fr-FR\",\"@id\":\"https:\\\/\\\/www.trainerschoicestockings.ca\\\/fr\\\/#\\\/schema\\\/logo\\\/image\\\/\",\"url\":\"https:\\\/\\\/i0.wp.com\\\/www.trainerschoicestockings.ca\\\/wp-content\\\/uploads\\\/2022\\\/02\\\/trainers-choice-logo.png?fit=420%2C200&ssl=1\",\"contentUrl\":\"https:\\\/\\\/i0.wp.com\\\/www.trainerschoicestockings.ca\\\/wp-content\\\/uploads\\\/2022\\\/02\\\/trainers-choice-logo.png?fit=420%2C200&ssl=1\",\"width\":420,\"height\":200,\"caption\":\"Choix des formateurs\"},\"image\":{\"@id\":\"https:\\\/\\\/www.trainerschoicestockings.ca\\\/fr\\\/#\\\/schema\\\/logo\\\/image\\\/\"},\"sameAs\":[\"https:\\\/\\\/www.facebook.com\\\/people\\\/Trainers-Choice\\\/100063791190626\\\/\",\"https:\\\/\\\/www.instagram.com\\\/trainers_choice_\\\/\"]}]}<\/script>\n<!-- \/ Yoast SEO plugin. -->","yoast_head_json":{"title":"JOBST Casual Pattern, hauteur de genou, r\u00e9gulier, m\u00e9dical - Bas de compression Trainers Choice","robots":{"index":"index","follow":"follow","max-snippet":"max-snippet:-1","max-image-preview":"max-image-preview:large","max-video-preview":"max-video-preview:-1"},"canonical":"https:\/\/www.trainerschoicestockings.ca\/fr\/produit\/jobst-casual-pattern-medical-regular-knee-high\/","og_locale":"fr_FR","og_type":"article","og_title":"JOBST Casual Pattern, hauteur de genou, r\u00e9gulier, m\u00e9dical - Bas de compression Trainers Choice","og_description":"\u2022 Bas de compression d\u00e9contract\u00e9s \u00e0 motifs attrayants. \u2022 Avec bande SoftFit.","og_url":"https:\/\/www.trainerschoicestockings.ca\/fr\/produit\/jobst-casual-pattern-medical-regular-knee-high\/","og_site_name":"Bas de compression Trainers Choice","article_publisher":"https:\/\/www.facebook.com\/people\/Trainers-Choice\/100063791190626\/","article_modified_time":"2023-04-04T19:01:24+00:00","og_image":[{"width":992,"height":1080,"url":"https:\/\/www.trainerschoicestockings.ca\/wp-content\/uploads\/2022\/03\/JOBST_Casual_Pattern_GunmetalGrey_product_shot_on_leg-scaled-compress.jpg","type":"image\/jpeg"}],"twitter_card":"summary_large_image","schema":{"@context":"https:\/\/schema.org","@graph":[{"@type":"WebPage","@id":"https:\/\/www.trainerschoicestockings.ca\/fr\/produit\/jobst-casual-pattern-medical-regular-knee-high\/","url":"https:\/\/www.trainerschoicestockings.ca\/fr\/produit\/jobst-casual-pattern-medical-regular-knee-high\/","name":"JOBST Casual Pattern, hauteur de genou, r\u00e9gulier, m\u00e9dical - Bas de compression Trainers Choice","isPartOf":{"@id":"https:\/\/www.trainerschoicestockings.ca\/fr\/#website"},"primaryImageOfPage":{"@id":"https:\/\/www.trainerschoicestockings.ca\/fr\/produit\/jobst-casual-pattern-medical-regular-knee-high\/#primaryimage"},"image":{"@id":"https:\/\/www.trainerschoicestockings.ca\/fr\/produit\/jobst-casual-pattern-medical-regular-knee-high\/#primaryimage"},"thumbnailUrl":"https:\/\/www.trainerschoicestockings.ca\/wp-content\/uploads\/2022\/03\/JOBST_Casual_Pattern_GunmetalGrey_product_shot_on_leg-scaled-compress.jpg","datePublished":"2022-04-07T15:09:23+00:00","dateModified":"2023-04-04T19:01:24+00:00","breadcrumb":{"@id":"https:\/\/www.trainerschoicestockings.ca\/fr\/produit\/jobst-casual-pattern-medical-regular-knee-high\/#breadcrumb"},"inLanguage":"fr-FR","potentialAction":[{"@type":"ReadAction","target":["https:\/\/www.trainerschoicestockings.ca\/fr\/produit\/jobst-casual-pattern-medical-regular-knee-high\/"]}]},{"@type":"ImageObject","inLanguage":"fr-FR","@id":"https:\/\/www.trainerschoicestockings.ca\/fr\/produit\/jobst-casual-pattern-medical-regular-knee-high\/#primaryimage","url":"https:\/\/www.trainerschoicestockings.ca\/wp-content\/uploads\/2022\/03\/JOBST_Casual_Pattern_GunmetalGrey_product_shot_on_leg-scaled-compress.jpg","contentUrl":"https:\/\/www.trainerschoicestockings.ca\/wp-content\/uploads\/2022\/03\/JOBST_Casual_Pattern_GunmetalGrey_product_shot_on_leg-scaled-compress.jpg","width":992,"height":1080,"caption":"Jobst for Men Medical Knee High Socks"},{"@type":"BreadcrumbList","@id":"https:\/\/www.trainerschoicestockings.ca\/fr\/produit\/jobst-casual-pattern-medical-regular-knee-high\/#breadcrumb","itemListElement":[{"@type":"ListItem","position":1,"name":"Accueil","item":"https:\/\/www.trainerschoicestockings.ca\/fr\/"},{"@type":"ListItem","position":2,"name":"Boutique","item":"https:\/\/www.trainerschoicestockings.ca\/fr\/boutique\/"},{"@type":"ListItem","position":3,"name":"JOBST Casual Pattern, hauteur de genou, r\u00e9gulier, m\u00e9dical"}]},{"@type":"WebSite","@id":"https:\/\/www.trainerschoicestockings.ca\/fr\/#website","url":"https:\/\/www.trainerschoicestockings.ca\/fr\/","name":"Bas de compression Trainers Choice","description":"Vivez votre vie. Soyez vous-m\u00eame.","publisher":{"@id":"https:\/\/www.trainerschoicestockings.ca\/fr\/#organization"},"potentialAction":[{"@type":"SearchAction","target":{"@type":"EntryPoint","urlTemplate":"https:\/\/www.trainerschoicestockings.ca\/fr\/?s={search_term_string}"},"query-input":{"@type":"PropertyValueSpecification","valueRequired":true,"valueName":"search_term_string"}}],"inLanguage":"fr-FR"},{"@type":"Organization","@id":"https:\/\/www.trainerschoicestockings.ca\/fr\/#organization","name":"Choix des formateurs","url":"https:\/\/www.trainerschoicestockings.ca\/fr\/","logo":{"@type":"ImageObject","inLanguage":"fr-FR","@id":"https:\/\/www.trainerschoicestockings.ca\/fr\/#\/schema\/logo\/image\/","url":"https:\/\/i0.wp.com\/www.trainerschoicestockings.ca\/wp-content\/uploads\/2022\/02\/trainers-choice-logo.png?fit=420%2C200&ssl=1","contentUrl":"https:\/\/i0.wp.com\/www.trainerschoicestockings.ca\/wp-content\/uploads\/2022\/02\/trainers-choice-logo.png?fit=420%2C200&ssl=1","width":420,"height":200,"caption":"Choix des formateurs"},"image":{"@id":"https:\/\/www.trainerschoicestockings.ca\/fr\/#\/schema\/logo\/image\/"},"sameAs":["https:\/\/www.facebook.com\/people\/Trainers-Choice\/100063791190626\/","https:\/\/www.instagram.com\/trainers_choice_\/"]}]}},"_links":{"self":[{"href":"https:\/\/www.trainerschoicestockings.ca\/fr\/wp-json\/wp\/v2\/product\/10524","targetHints":{"allow":["GET"]}}],"collection":[{"href":"https:\/\/www.trainerschoicestockings.ca\/fr\/wp-json\/wp\/v2\/product"}],"about":[{"href":"https:\/\/www.trainerschoicestockings.ca\/fr\/wp-json\/wp\/v2\/types\/product"}],"replies":[{"embeddable":true,"href":"https:\/\/www.trainerschoicestockings.ca\/fr\/wp-json\/wp\/v2\/comments?post=10524"}],"wp:featuredmedia":[{"embeddable":true,"href":"https:\/\/www.trainerschoicestockings.ca\/fr\/wp-json\/wp\/v2\/media\/9155"}],"wp:attachment":[{"href":"https:\/\/www.trainerschoicestockings.ca\/fr\/wp-json\/wp\/v2\/media?parent=10524"}],"wp:term":[{"taxonomy":"product_brand","embeddable":true,"href":"https:\/\/www.trainerschoicestockings.ca\/fr\/wp-json\/wp\/v2\/product_brand?post=10524"},{"taxonomy":"product_cat","embeddable":true,"href":"https:\/\/www.trainerschoicestockings.ca\/fr\/wp-json\/wp\/v2\/product_cat?post=10524"},{"taxonomy":"product_tag","embeddable":true,"href":"https:\/\/www.trainerschoicestockings.ca\/fr\/wp-json\/wp\/v2\/product_tag?post=10524"}],"curies":[{"name":"wp","href":"https:\/\/api.w.org\/{rel}","templated":true}]}}