{"id":9713,"date":"2022-05-25T19:12:40","date_gmt":"2022-05-25T23:12:40","guid":{"rendered":"https:\/\/www.trainerschoicestockings.ca\/product\/sigvaris-242-style-laine-merinos-genouillere-medicale-femmes\/"},"modified":"2023-03-24T15:50:47","modified_gmt":"2023-03-24T19:50:47","slug":"sigvaris-242-style-merino-wool-medical-knee-high-femmes","status":"publish","type":"product","link":"https:\/\/www.trainerschoicestockings.ca\/fr\/produit\/sigvaris-242-style-merino-wool-medical-knee-high-femmes\/","title":{"rendered":"Sigvaris 242 Laine M\u00e9rinos, bas genou, m\u00e9dical, femmes"},"content":{"rendered":"<ul>\n<li><span class=\"_2JvLqo\">Doux, confortable et sans d\u00e9mangeaisons<\/span><\/li>\n<li><span class=\"_2JvLqo\">Les propri\u00e9t\u00e9s naturelles de la laine rendent ces chaussettes r\u00e9sistantes aux odeurs.<\/span><\/li>\n<li><span class=\"_2JvLqo\">Thermor\u00e9gulation pour une utilisation tout au long de l&rsquo;ann\u00e9e et maintien des pieds au sec.<\/span><\/li>\n<li>Convient le mieux pour : jambes fatigu\u00e9es, lourdes, agit\u00e9es, douloureuses &#8211; voyageurs, risques professionnels pour la sant\u00e9 des jambes, ant\u00e9c\u00e9dents familiaux de troubles veineux chroniques.<\/li>\n<li>Composition des mat\u00e9riaux : Laine m\u00e9rinos 53%, Nylon 38%, Spandex 9%, sans latex.<\/li>\n<\/ul>\n","protected":false},"excerpt":{"rendered":"<p>Pour les femmes &#8211; Fabriqu\u00e9es en laine m\u00e9rinos australienne extra-fine, ces chaussettes \u00e9l\u00e9gantes sont parfaites pour \u00eatre port\u00e9es toute l&rsquo;ann\u00e9e.<\/p>\n","protected":false},"featured_media":9496,"comment_status":"closed","ping_status":"closed","template":"","meta":{"_acf_changed":false},"product_brand":[],"product_cat":[204,203,202],"product_tag":[],"class_list":{"0":"post-9713","1":"product","2":"type-product","3":"status-publish","4":"has-post-thumbnail","6":"product_cat-bas-medicaux","7":"product_cat-sigvaris-fr","8":"product_cat-tous-les-produits","9":"pa_colour-marine","10":"pa_colour-noir","11":"pa_compression-20-30-mmhg-fr","12":"pa_gender-femmes","13":"pa_size-gc-fr","14":"pa_size-gl-fr","15":"pa_size-mc-fr","16":"pa_size-ml-fr","17":"pa_size-pc-fr","18":"pa_size-pl-fr","19":"pa_size-tg-fr","20":"pa_size-tp-fr","21":"pa_style-bas-genou","22":"pa_toe-pointe-fermee","24":"first","25":"instock","26":"taxable","27":"shipping-taxable","28":"purchasable","29":"product-type-variable"},"acf":[],"yoast_head":"<!-- This site is optimized with the Yoast SEO plugin v27.5 - https:\/\/yoast.com\/product\/yoast-seo-wordpress\/ -->\n<title>Sigvaris 242 Laine M\u00e9rinos, bas genou, m\u00e9dical, femmes - Bas de compression Trainers Choice<\/title>\n<meta name=\"robots\" content=\"index, follow, max-snippet:-1, max-image-preview:large, max-video-preview:-1\" \/>\n<link rel=\"canonical\" href=\"https:\/\/www.trainerschoicestockings.ca\/fr\/produit\/sigvaris-242-style-merino-wool-medical-knee-high-femmes\/\" \/>\n<meta property=\"og:locale\" content=\"fr_FR\" \/>\n<meta property=\"og:type\" content=\"article\" \/>\n<meta property=\"og:title\" content=\"Sigvaris 242 Laine M\u00e9rinos, bas genou, m\u00e9dical, femmes - Bas de compression Trainers Choice\" \/>\n<meta property=\"og:description\" content=\"Pour les femmes - Fabriqu\u00e9es en laine m\u00e9rinos australienne extra-fine, ces chaussettes \u00e9l\u00e9gantes sont parfaites pour \u00eatre port\u00e9es toute l&#039;ann\u00e9e.\" \/>\n<meta property=\"og:url\" content=\"https:\/\/www.trainerschoicestockings.ca\/fr\/produit\/sigvaris-242-style-merino-wool-medical-knee-high-femmes\/\" \/>\n<meta property=\"og:site_name\" content=\"Bas de compression Trainers Choice\" \/>\n<meta property=\"article:publisher\" content=\"https:\/\/www.facebook.com\/people\/Trainers-Choice\/100063791190626\/\" \/>\n<meta property=\"article:modified_time\" content=\"2023-03-24T19:50:47+00:00\" \/>\n<meta property=\"og:image\" content=\"https:\/\/i0.wp.com\/www.trainerschoicestockings.ca\/wp-content\/uploads\/2022\/05\/STY_WELL_Merino_CW_navy-compress.jpg?fit=810%2C1080&ssl=1\" \/>\n\t<meta property=\"og:image:width\" content=\"810\" \/>\n\t<meta property=\"og:image:height\" content=\"1080\" \/>\n\t<meta property=\"og:image:type\" content=\"image\/jpeg\" \/>\n<meta name=\"twitter:card\" content=\"summary_large_image\" \/>\n<script type=\"application\/ld+json\" class=\"yoast-schema-graph\">{\"@context\":\"https:\\\/\\\/schema.org\",\"@graph\":[{\"@type\":\"WebPage\",\"@id\":\"https:\\\/\\\/www.trainerschoicestockings.ca\\\/fr\\\/produit\\\/sigvaris-242-style-merino-wool-medical-knee-high-femmes\\\/\",\"url\":\"https:\\\/\\\/www.trainerschoicestockings.ca\\\/fr\\\/produit\\\/sigvaris-242-style-merino-wool-medical-knee-high-femmes\\\/\",\"name\":\"Sigvaris 242 Laine M\u00e9rinos, bas genou, m\u00e9dical, femmes - Bas de compression Trainers Choice\",\"isPartOf\":{\"@id\":\"https:\\\/\\\/www.trainerschoicestockings.ca\\\/fr\\\/#website\"},\"primaryImageOfPage\":{\"@id\":\"https:\\\/\\\/www.trainerschoicestockings.ca\\\/fr\\\/produit\\\/sigvaris-242-style-merino-wool-medical-knee-high-femmes\\\/#primaryimage\"},\"image\":{\"@id\":\"https:\\\/\\\/www.trainerschoicestockings.ca\\\/fr\\\/produit\\\/sigvaris-242-style-merino-wool-medical-knee-high-femmes\\\/#primaryimage\"},\"thumbnailUrl\":\"https:\\\/\\\/www.trainerschoicestockings.ca\\\/wp-content\\\/uploads\\\/2022\\\/05\\\/STY_WELL_Merino_CW_navy-compress.jpg\",\"datePublished\":\"2022-05-25T23:12:40+00:00\",\"dateModified\":\"2023-03-24T19:50:47+00:00\",\"breadcrumb\":{\"@id\":\"https:\\\/\\\/www.trainerschoicestockings.ca\\\/fr\\\/produit\\\/sigvaris-242-style-merino-wool-medical-knee-high-femmes\\\/#breadcrumb\"},\"inLanguage\":\"fr-FR\",\"potentialAction\":[{\"@type\":\"ReadAction\",\"target\":[\"https:\\\/\\\/www.trainerschoicestockings.ca\\\/fr\\\/produit\\\/sigvaris-242-style-merino-wool-medical-knee-high-femmes\\\/\"]}]},{\"@type\":\"ImageObject\",\"inLanguage\":\"fr-FR\",\"@id\":\"https:\\\/\\\/www.trainerschoicestockings.ca\\\/fr\\\/produit\\\/sigvaris-242-style-merino-wool-medical-knee-high-femmes\\\/#primaryimage\",\"url\":\"https:\\\/\\\/www.trainerschoicestockings.ca\\\/wp-content\\\/uploads\\\/2022\\\/05\\\/STY_WELL_Merino_CW_navy-compress.jpg\",\"contentUrl\":\"https:\\\/\\\/www.trainerschoicestockings.ca\\\/wp-content\\\/uploads\\\/2022\\\/05\\\/STY_WELL_Merino_CW_navy-compress.jpg\",\"width\":810,\"height\":1080,\"caption\":\"Sigvaris Chaussettes de compression au genou en laine m\u00e9rinos pour femmes\"},{\"@type\":\"BreadcrumbList\",\"@id\":\"https:\\\/\\\/www.trainerschoicestockings.ca\\\/fr\\\/produit\\\/sigvaris-242-style-merino-wool-medical-knee-high-femmes\\\/#breadcrumb\",\"itemListElement\":[{\"@type\":\"ListItem\",\"position\":1,\"name\":\"Accueil\",\"item\":\"https:\\\/\\\/www.trainerschoicestockings.ca\\\/fr\\\/\"},{\"@type\":\"ListItem\",\"position\":2,\"name\":\"Boutique\",\"item\":\"https:\\\/\\\/www.trainerschoicestockings.ca\\\/fr\\\/boutique\\\/\"},{\"@type\":\"ListItem\",\"position\":3,\"name\":\"Sigvaris 242 Laine M\u00e9rinos, bas genou, m\u00e9dical, femmes\"}]},{\"@type\":\"WebSite\",\"@id\":\"https:\\\/\\\/www.trainerschoicestockings.ca\\\/fr\\\/#website\",\"url\":\"https:\\\/\\\/www.trainerschoicestockings.ca\\\/fr\\\/\",\"name\":\"Bas de compression Trainers Choice\",\"description\":\"Vivez votre vie. Soyez vous-m\u00eame.\",\"publisher\":{\"@id\":\"https:\\\/\\\/www.trainerschoicestockings.ca\\\/fr\\\/#organization\"},\"potentialAction\":[{\"@type\":\"SearchAction\",\"target\":{\"@type\":\"EntryPoint\",\"urlTemplate\":\"https:\\\/\\\/www.trainerschoicestockings.ca\\\/fr\\\/?s={search_term_string}\"},\"query-input\":{\"@type\":\"PropertyValueSpecification\",\"valueRequired\":true,\"valueName\":\"search_term_string\"}}],\"inLanguage\":\"fr-FR\"},{\"@type\":\"Organization\",\"@id\":\"https:\\\/\\\/www.trainerschoicestockings.ca\\\/fr\\\/#organization\",\"name\":\"Choix des formateurs\",\"url\":\"https:\\\/\\\/www.trainerschoicestockings.ca\\\/fr\\\/\",\"logo\":{\"@type\":\"ImageObject\",\"inLanguage\":\"fr-FR\",\"@id\":\"https:\\\/\\\/www.trainerschoicestockings.ca\\\/fr\\\/#\\\/schema\\\/logo\\\/image\\\/\",\"url\":\"https:\\\/\\\/i0.wp.com\\\/www.trainerschoicestockings.ca\\\/wp-content\\\/uploads\\\/2022\\\/02\\\/trainers-choice-logo.png?fit=420%2C200&ssl=1\",\"contentUrl\":\"https:\\\/\\\/i0.wp.com\\\/www.trainerschoicestockings.ca\\\/wp-content\\\/uploads\\\/2022\\\/02\\\/trainers-choice-logo.png?fit=420%2C200&ssl=1\",\"width\":420,\"height\":200,\"caption\":\"Choix des formateurs\"},\"image\":{\"@id\":\"https:\\\/\\\/www.trainerschoicestockings.ca\\\/fr\\\/#\\\/schema\\\/logo\\\/image\\\/\"},\"sameAs\":[\"https:\\\/\\\/www.facebook.com\\\/people\\\/Trainers-Choice\\\/100063791190626\\\/\",\"https:\\\/\\\/www.instagram.com\\\/trainers_choice_\\\/\"]}]}<\/script>\n<!-- \/ Yoast SEO plugin. -->","yoast_head_json":{"title":"Sigvaris 242 Laine M\u00e9rinos, bas genou, m\u00e9dical, femmes - Bas de compression Trainers Choice","robots":{"index":"index","follow":"follow","max-snippet":"max-snippet:-1","max-image-preview":"max-image-preview:large","max-video-preview":"max-video-preview:-1"},"canonical":"https:\/\/www.trainerschoicestockings.ca\/fr\/produit\/sigvaris-242-style-merino-wool-medical-knee-high-femmes\/","og_locale":"fr_FR","og_type":"article","og_title":"Sigvaris 242 Laine M\u00e9rinos, bas genou, m\u00e9dical, femmes - Bas de compression Trainers Choice","og_description":"Pour les femmes - Fabriqu\u00e9es en laine m\u00e9rinos australienne extra-fine, ces chaussettes \u00e9l\u00e9gantes sont parfaites pour \u00eatre port\u00e9es toute l'ann\u00e9e.","og_url":"https:\/\/www.trainerschoicestockings.ca\/fr\/produit\/sigvaris-242-style-merino-wool-medical-knee-high-femmes\/","og_site_name":"Bas de compression Trainers Choice","article_publisher":"https:\/\/www.facebook.com\/people\/Trainers-Choice\/100063791190626\/","article_modified_time":"2023-03-24T19:50:47+00:00","og_image":[{"width":810,"height":1080,"url":"https:\/\/i0.wp.com\/www.trainerschoicestockings.ca\/wp-content\/uploads\/2022\/05\/STY_WELL_Merino_CW_navy-compress.jpg?fit=810%2C1080&ssl=1","type":"image\/jpeg"}],"twitter_card":"summary_large_image","schema":{"@context":"https:\/\/schema.org","@graph":[{"@type":"WebPage","@id":"https:\/\/www.trainerschoicestockings.ca\/fr\/produit\/sigvaris-242-style-merino-wool-medical-knee-high-femmes\/","url":"https:\/\/www.trainerschoicestockings.ca\/fr\/produit\/sigvaris-242-style-merino-wool-medical-knee-high-femmes\/","name":"Sigvaris 242 Laine M\u00e9rinos, bas genou, m\u00e9dical, femmes - Bas de compression Trainers Choice","isPartOf":{"@id":"https:\/\/www.trainerschoicestockings.ca\/fr\/#website"},"primaryImageOfPage":{"@id":"https:\/\/www.trainerschoicestockings.ca\/fr\/produit\/sigvaris-242-style-merino-wool-medical-knee-high-femmes\/#primaryimage"},"image":{"@id":"https:\/\/www.trainerschoicestockings.ca\/fr\/produit\/sigvaris-242-style-merino-wool-medical-knee-high-femmes\/#primaryimage"},"thumbnailUrl":"https:\/\/www.trainerschoicestockings.ca\/wp-content\/uploads\/2022\/05\/STY_WELL_Merino_CW_navy-compress.jpg","datePublished":"2022-05-25T23:12:40+00:00","dateModified":"2023-03-24T19:50:47+00:00","breadcrumb":{"@id":"https:\/\/www.trainerschoicestockings.ca\/fr\/produit\/sigvaris-242-style-merino-wool-medical-knee-high-femmes\/#breadcrumb"},"inLanguage":"fr-FR","potentialAction":[{"@type":"ReadAction","target":["https:\/\/www.trainerschoicestockings.ca\/fr\/produit\/sigvaris-242-style-merino-wool-medical-knee-high-femmes\/"]}]},{"@type":"ImageObject","inLanguage":"fr-FR","@id":"https:\/\/www.trainerschoicestockings.ca\/fr\/produit\/sigvaris-242-style-merino-wool-medical-knee-high-femmes\/#primaryimage","url":"https:\/\/www.trainerschoicestockings.ca\/wp-content\/uploads\/2022\/05\/STY_WELL_Merino_CW_navy-compress.jpg","contentUrl":"https:\/\/www.trainerschoicestockings.ca\/wp-content\/uploads\/2022\/05\/STY_WELL_Merino_CW_navy-compress.jpg","width":810,"height":1080,"caption":"Sigvaris Chaussettes de compression au genou en laine m\u00e9rinos pour femmes"},{"@type":"BreadcrumbList","@id":"https:\/\/www.trainerschoicestockings.ca\/fr\/produit\/sigvaris-242-style-merino-wool-medical-knee-high-femmes\/#breadcrumb","itemListElement":[{"@type":"ListItem","position":1,"name":"Accueil","item":"https:\/\/www.trainerschoicestockings.ca\/fr\/"},{"@type":"ListItem","position":2,"name":"Boutique","item":"https:\/\/www.trainerschoicestockings.ca\/fr\/boutique\/"},{"@type":"ListItem","position":3,"name":"Sigvaris 242 Laine M\u00e9rinos, bas genou, m\u00e9dical, femmes"}]},{"@type":"WebSite","@id":"https:\/\/www.trainerschoicestockings.ca\/fr\/#website","url":"https:\/\/www.trainerschoicestockings.ca\/fr\/","name":"Bas de compression Trainers Choice","description":"Vivez votre vie. Soyez vous-m\u00eame.","publisher":{"@id":"https:\/\/www.trainerschoicestockings.ca\/fr\/#organization"},"potentialAction":[{"@type":"SearchAction","target":{"@type":"EntryPoint","urlTemplate":"https:\/\/www.trainerschoicestockings.ca\/fr\/?s={search_term_string}"},"query-input":{"@type":"PropertyValueSpecification","valueRequired":true,"valueName":"search_term_string"}}],"inLanguage":"fr-FR"},{"@type":"Organization","@id":"https:\/\/www.trainerschoicestockings.ca\/fr\/#organization","name":"Choix des formateurs","url":"https:\/\/www.trainerschoicestockings.ca\/fr\/","logo":{"@type":"ImageObject","inLanguage":"fr-FR","@id":"https:\/\/www.trainerschoicestockings.ca\/fr\/#\/schema\/logo\/image\/","url":"https:\/\/i0.wp.com\/www.trainerschoicestockings.ca\/wp-content\/uploads\/2022\/02\/trainers-choice-logo.png?fit=420%2C200&ssl=1","contentUrl":"https:\/\/i0.wp.com\/www.trainerschoicestockings.ca\/wp-content\/uploads\/2022\/02\/trainers-choice-logo.png?fit=420%2C200&ssl=1","width":420,"height":200,"caption":"Choix des formateurs"},"image":{"@id":"https:\/\/www.trainerschoicestockings.ca\/fr\/#\/schema\/logo\/image\/"},"sameAs":["https:\/\/www.facebook.com\/people\/Trainers-Choice\/100063791190626\/","https:\/\/www.instagram.com\/trainers_choice_\/"]}]}},"_links":{"self":[{"href":"https:\/\/www.trainerschoicestockings.ca\/fr\/wp-json\/wp\/v2\/product\/9713","targetHints":{"allow":["GET"]}}],"collection":[{"href":"https:\/\/www.trainerschoicestockings.ca\/fr\/wp-json\/wp\/v2\/product"}],"about":[{"href":"https:\/\/www.trainerschoicestockings.ca\/fr\/wp-json\/wp\/v2\/types\/product"}],"replies":[{"embeddable":true,"href":"https:\/\/www.trainerschoicestockings.ca\/fr\/wp-json\/wp\/v2\/comments?post=9713"}],"wp:featuredmedia":[{"embeddable":true,"href":"https:\/\/www.trainerschoicestockings.ca\/fr\/wp-json\/wp\/v2\/media\/9496"}],"wp:attachment":[{"href":"https:\/\/www.trainerschoicestockings.ca\/fr\/wp-json\/wp\/v2\/media?parent=9713"}],"wp:term":[{"taxonomy":"product_brand","embeddable":true,"href":"https:\/\/www.trainerschoicestockings.ca\/fr\/wp-json\/wp\/v2\/product_brand?post=9713"},{"taxonomy":"product_cat","embeddable":true,"href":"https:\/\/www.trainerschoicestockings.ca\/fr\/wp-json\/wp\/v2\/product_cat?post=9713"},{"taxonomy":"product_tag","embeddable":true,"href":"https:\/\/www.trainerschoicestockings.ca\/fr\/wp-json\/wp\/v2\/product_tag?post=9713"}],"curies":[{"name":"wp","href":"https:\/\/api.w.org\/{rel}","templated":true}]}}