{"id":9752,"date":"2022-05-25T15:12:47","date_gmt":"2022-05-25T19:12:47","guid":{"rendered":"https:\/\/www.trainerschoicestockings.ca\/product\/sigvaris-222-style-sea-island-cotton-genouillere-medicale-hommes\/"},"modified":"2023-03-24T15:55:07","modified_gmt":"2023-03-24T19:55:07","slug":"sigvaris-222-style-sea-island-cotton-medical-knee-high-mens","status":"publish","type":"product","link":"https:\/\/www.trainerschoicestockings.ca\/fr\/produit\/sigvaris-222-style-sea-island-cotton-medical-knee-high-mens\/","title":{"rendered":"Sigvaris 222 Coton Sea Island, bas genou, m\u00e9dical, hommes"},"content":{"rendered":"<ul>\n<li>Tricot\u00e9s avec le coton le plus rare au monde, doux au toucher et luxueux<\/li>\n<li>Id\u00e9al pour les peaux sensibles<\/li>\n<li>Respirant et confortable<\/li>\n<li>Convient \u00e0 ceux qui pr\u00e9f\u00e8rent les fibres naturelles<\/li>\n<li>Couture plate et douce aux orteils<\/li>\n<li>Composition des mat\u00e9riaux : 43% coton Sea Island, 39% nylon, 11% spandex et 7% coton Supima &#8211; Sans latex<\/li>\n<\/ul>\n","protected":false},"excerpt":{"rendered":"<p>Les chaussettes Style Sea Island Cotton sont fabriqu\u00e9es avec le coton le plus rare au monde, ce qui garantit un toucher luxueux, aussi doux que du cachemire.<\/p>\n","protected":false},"featured_media":9491,"comment_status":"closed","ping_status":"closed","template":"","meta":{"_acf_changed":false},"product_brand":[],"product_cat":[204,203,202],"product_tag":[],"class_list":{"0":"post-9752","1":"product","2":"type-product","3":"status-publish","4":"has-post-thumbnail","6":"product_cat-bas-medicaux","7":"product_cat-sigvaris-fr","8":"product_cat-tous-les-produits","9":"pa_colour-marine","10":"pa_colour-noir","11":"pa_compression-20-30-mmhg-fr","12":"pa_gender-hommes","13":"pa_size-gc-fr","14":"pa_size-gl-fr","15":"pa_size-mc-fr","16":"pa_size-ml-fr","17":"pa_size-pc-fr","18":"pa_size-pl-fr","19":"pa_size-tg-fr","20":"pa_size-tp-fr","21":"pa_style-bas-genou","22":"pa_toe-pointe-fermee","24":"first","25":"instock","26":"taxable","27":"shipping-taxable","28":"purchasable","29":"product-type-variable"},"acf":[],"yoast_head":"<!-- This site is optimized with the Yoast SEO plugin v27.5 - https:\/\/yoast.com\/product\/yoast-seo-wordpress\/ -->\n<title>Sigvaris 222 Coton Sea Island, bas genou, m\u00e9dical, hommes - Bas de compression Trainers Choice<\/title>\n<meta name=\"robots\" content=\"index, follow, max-snippet:-1, max-image-preview:large, max-video-preview:-1\" \/>\n<link rel=\"canonical\" href=\"https:\/\/www.trainerschoicestockings.ca\/fr\/produit\/sigvaris-222-style-sea-island-cotton-medical-knee-high-mens\/\" \/>\n<meta property=\"og:locale\" content=\"fr_FR\" \/>\n<meta property=\"og:type\" content=\"article\" \/>\n<meta property=\"og:title\" content=\"Sigvaris 222 Coton Sea Island, bas genou, m\u00e9dical, hommes - Bas de compression Trainers Choice\" \/>\n<meta property=\"og:description\" content=\"Les chaussettes Style Sea Island Cotton sont fabriqu\u00e9es avec le coton le plus rare au monde, ce qui garantit un toucher luxueux, aussi doux que du cachemire.\" \/>\n<meta property=\"og:url\" content=\"https:\/\/www.trainerschoicestockings.ca\/fr\/produit\/sigvaris-222-style-sea-island-cotton-medical-knee-high-mens\/\" \/>\n<meta property=\"og:site_name\" content=\"Bas de compression Trainers Choice\" \/>\n<meta property=\"article:publisher\" content=\"https:\/\/www.facebook.com\/people\/Trainers-Choice\/100063791190626\/\" \/>\n<meta property=\"article:modified_time\" content=\"2023-03-24T19:55:07+00:00\" \/>\n<meta property=\"og:image\" content=\"https:\/\/i0.wp.com\/www.trainerschoicestockings.ca\/wp-content\/uploads\/2022\/05\/STY_WELL_SeaIsle_Cott_CM_black-compress.jpg?fit=810%2C1080&ssl=1\" \/>\n\t<meta property=\"og:image:width\" content=\"810\" \/>\n\t<meta property=\"og:image:height\" content=\"1080\" \/>\n\t<meta property=\"og:image:type\" content=\"image\/jpeg\" \/>\n<meta name=\"twitter:card\" content=\"summary_large_image\" \/>\n<script type=\"application\/ld+json\" class=\"yoast-schema-graph\">{\"@context\":\"https:\\\/\\\/schema.org\",\"@graph\":[{\"@type\":\"WebPage\",\"@id\":\"https:\\\/\\\/www.trainerschoicestockings.ca\\\/fr\\\/produit\\\/sigvaris-222-style-sea-island-cotton-medical-knee-high-mens\\\/\",\"url\":\"https:\\\/\\\/www.trainerschoicestockings.ca\\\/fr\\\/produit\\\/sigvaris-222-style-sea-island-cotton-medical-knee-high-mens\\\/\",\"name\":\"Sigvaris 222 Coton Sea Island, bas genou, m\u00e9dical, hommes - Bas de compression Trainers Choice\",\"isPartOf\":{\"@id\":\"https:\\\/\\\/www.trainerschoicestockings.ca\\\/fr\\\/#website\"},\"primaryImageOfPage\":{\"@id\":\"https:\\\/\\\/www.trainerschoicestockings.ca\\\/fr\\\/produit\\\/sigvaris-222-style-sea-island-cotton-medical-knee-high-mens\\\/#primaryimage\"},\"image\":{\"@id\":\"https:\\\/\\\/www.trainerschoicestockings.ca\\\/fr\\\/produit\\\/sigvaris-222-style-sea-island-cotton-medical-knee-high-mens\\\/#primaryimage\"},\"thumbnailUrl\":\"https:\\\/\\\/www.trainerschoicestockings.ca\\\/wp-content\\\/uploads\\\/2022\\\/05\\\/STY_WELL_SeaIsle_Cott_CM_black-compress.jpg\",\"datePublished\":\"2022-05-25T19:12:47+00:00\",\"dateModified\":\"2023-03-24T19:55:07+00:00\",\"breadcrumb\":{\"@id\":\"https:\\\/\\\/www.trainerschoicestockings.ca\\\/fr\\\/produit\\\/sigvaris-222-style-sea-island-cotton-medical-knee-high-mens\\\/#breadcrumb\"},\"inLanguage\":\"fr-FR\",\"potentialAction\":[{\"@type\":\"ReadAction\",\"target\":[\"https:\\\/\\\/www.trainerschoicestockings.ca\\\/fr\\\/produit\\\/sigvaris-222-style-sea-island-cotton-medical-knee-high-mens\\\/\"]}]},{\"@type\":\"ImageObject\",\"inLanguage\":\"fr-FR\",\"@id\":\"https:\\\/\\\/www.trainerschoicestockings.ca\\\/fr\\\/produit\\\/sigvaris-222-style-sea-island-cotton-medical-knee-high-mens\\\/#primaryimage\",\"url\":\"https:\\\/\\\/www.trainerschoicestockings.ca\\\/wp-content\\\/uploads\\\/2022\\\/05\\\/STY_WELL_SeaIsle_Cott_CM_black-compress.jpg\",\"contentUrl\":\"https:\\\/\\\/www.trainerschoicestockings.ca\\\/wp-content\\\/uploads\\\/2022\\\/05\\\/STY_WELL_SeaIsle_Cott_CM_black-compress.jpg\",\"width\":810,\"height\":1080,\"caption\":\"Sigvaris Chaussettes de compression au genou pour hommes\"},{\"@type\":\"BreadcrumbList\",\"@id\":\"https:\\\/\\\/www.trainerschoicestockings.ca\\\/fr\\\/produit\\\/sigvaris-222-style-sea-island-cotton-medical-knee-high-mens\\\/#breadcrumb\",\"itemListElement\":[{\"@type\":\"ListItem\",\"position\":1,\"name\":\"Accueil\",\"item\":\"https:\\\/\\\/www.trainerschoicestockings.ca\\\/fr\\\/\"},{\"@type\":\"ListItem\",\"position\":2,\"name\":\"Boutique\",\"item\":\"https:\\\/\\\/www.trainerschoicestockings.ca\\\/fr\\\/boutique\\\/\"},{\"@type\":\"ListItem\",\"position\":3,\"name\":\"Sigvaris 222 Coton Sea Island, bas genou, m\u00e9dical, hommes\"}]},{\"@type\":\"WebSite\",\"@id\":\"https:\\\/\\\/www.trainerschoicestockings.ca\\\/fr\\\/#website\",\"url\":\"https:\\\/\\\/www.trainerschoicestockings.ca\\\/fr\\\/\",\"name\":\"Bas de compression Trainers Choice\",\"description\":\"Vivez votre vie. Soyez vous-m\u00eame.\",\"publisher\":{\"@id\":\"https:\\\/\\\/www.trainerschoicestockings.ca\\\/fr\\\/#organization\"},\"potentialAction\":[{\"@type\":\"SearchAction\",\"target\":{\"@type\":\"EntryPoint\",\"urlTemplate\":\"https:\\\/\\\/www.trainerschoicestockings.ca\\\/fr\\\/?s={search_term_string}\"},\"query-input\":{\"@type\":\"PropertyValueSpecification\",\"valueRequired\":true,\"valueName\":\"search_term_string\"}}],\"inLanguage\":\"fr-FR\"},{\"@type\":\"Organization\",\"@id\":\"https:\\\/\\\/www.trainerschoicestockings.ca\\\/fr\\\/#organization\",\"name\":\"Choix des formateurs\",\"url\":\"https:\\\/\\\/www.trainerschoicestockings.ca\\\/fr\\\/\",\"logo\":{\"@type\":\"ImageObject\",\"inLanguage\":\"fr-FR\",\"@id\":\"https:\\\/\\\/www.trainerschoicestockings.ca\\\/fr\\\/#\\\/schema\\\/logo\\\/image\\\/\",\"url\":\"https:\\\/\\\/i0.wp.com\\\/www.trainerschoicestockings.ca\\\/wp-content\\\/uploads\\\/2022\\\/02\\\/trainers-choice-logo.png?fit=420%2C200&ssl=1\",\"contentUrl\":\"https:\\\/\\\/i0.wp.com\\\/www.trainerschoicestockings.ca\\\/wp-content\\\/uploads\\\/2022\\\/02\\\/trainers-choice-logo.png?fit=420%2C200&ssl=1\",\"width\":420,\"height\":200,\"caption\":\"Choix des formateurs\"},\"image\":{\"@id\":\"https:\\\/\\\/www.trainerschoicestockings.ca\\\/fr\\\/#\\\/schema\\\/logo\\\/image\\\/\"},\"sameAs\":[\"https:\\\/\\\/www.facebook.com\\\/people\\\/Trainers-Choice\\\/100063791190626\\\/\",\"https:\\\/\\\/www.instagram.com\\\/trainers_choice_\\\/\"]}]}<\/script>\n<!-- \/ Yoast SEO plugin. -->","yoast_head_json":{"title":"Sigvaris 222 Coton Sea Island, bas genou, m\u00e9dical, hommes - Bas de compression Trainers Choice","robots":{"index":"index","follow":"follow","max-snippet":"max-snippet:-1","max-image-preview":"max-image-preview:large","max-video-preview":"max-video-preview:-1"},"canonical":"https:\/\/www.trainerschoicestockings.ca\/fr\/produit\/sigvaris-222-style-sea-island-cotton-medical-knee-high-mens\/","og_locale":"fr_FR","og_type":"article","og_title":"Sigvaris 222 Coton Sea Island, bas genou, m\u00e9dical, hommes - Bas de compression Trainers Choice","og_description":"Les chaussettes Style Sea Island Cotton sont fabriqu\u00e9es avec le coton le plus rare au monde, ce qui garantit un toucher luxueux, aussi doux que du cachemire.","og_url":"https:\/\/www.trainerschoicestockings.ca\/fr\/produit\/sigvaris-222-style-sea-island-cotton-medical-knee-high-mens\/","og_site_name":"Bas de compression Trainers Choice","article_publisher":"https:\/\/www.facebook.com\/people\/Trainers-Choice\/100063791190626\/","article_modified_time":"2023-03-24T19:55:07+00:00","og_image":[{"width":810,"height":1080,"url":"https:\/\/i0.wp.com\/www.trainerschoicestockings.ca\/wp-content\/uploads\/2022\/05\/STY_WELL_SeaIsle_Cott_CM_black-compress.jpg?fit=810%2C1080&ssl=1","type":"image\/jpeg"}],"twitter_card":"summary_large_image","schema":{"@context":"https:\/\/schema.org","@graph":[{"@type":"WebPage","@id":"https:\/\/www.trainerschoicestockings.ca\/fr\/produit\/sigvaris-222-style-sea-island-cotton-medical-knee-high-mens\/","url":"https:\/\/www.trainerschoicestockings.ca\/fr\/produit\/sigvaris-222-style-sea-island-cotton-medical-knee-high-mens\/","name":"Sigvaris 222 Coton Sea Island, bas genou, m\u00e9dical, hommes - Bas de compression Trainers Choice","isPartOf":{"@id":"https:\/\/www.trainerschoicestockings.ca\/fr\/#website"},"primaryImageOfPage":{"@id":"https:\/\/www.trainerschoicestockings.ca\/fr\/produit\/sigvaris-222-style-sea-island-cotton-medical-knee-high-mens\/#primaryimage"},"image":{"@id":"https:\/\/www.trainerschoicestockings.ca\/fr\/produit\/sigvaris-222-style-sea-island-cotton-medical-knee-high-mens\/#primaryimage"},"thumbnailUrl":"https:\/\/www.trainerschoicestockings.ca\/wp-content\/uploads\/2022\/05\/STY_WELL_SeaIsle_Cott_CM_black-compress.jpg","datePublished":"2022-05-25T19:12:47+00:00","dateModified":"2023-03-24T19:55:07+00:00","breadcrumb":{"@id":"https:\/\/www.trainerschoicestockings.ca\/fr\/produit\/sigvaris-222-style-sea-island-cotton-medical-knee-high-mens\/#breadcrumb"},"inLanguage":"fr-FR","potentialAction":[{"@type":"ReadAction","target":["https:\/\/www.trainerschoicestockings.ca\/fr\/produit\/sigvaris-222-style-sea-island-cotton-medical-knee-high-mens\/"]}]},{"@type":"ImageObject","inLanguage":"fr-FR","@id":"https:\/\/www.trainerschoicestockings.ca\/fr\/produit\/sigvaris-222-style-sea-island-cotton-medical-knee-high-mens\/#primaryimage","url":"https:\/\/www.trainerschoicestockings.ca\/wp-content\/uploads\/2022\/05\/STY_WELL_SeaIsle_Cott_CM_black-compress.jpg","contentUrl":"https:\/\/www.trainerschoicestockings.ca\/wp-content\/uploads\/2022\/05\/STY_WELL_SeaIsle_Cott_CM_black-compress.jpg","width":810,"height":1080,"caption":"Sigvaris Chaussettes de compression au genou pour hommes"},{"@type":"BreadcrumbList","@id":"https:\/\/www.trainerschoicestockings.ca\/fr\/produit\/sigvaris-222-style-sea-island-cotton-medical-knee-high-mens\/#breadcrumb","itemListElement":[{"@type":"ListItem","position":1,"name":"Accueil","item":"https:\/\/www.trainerschoicestockings.ca\/fr\/"},{"@type":"ListItem","position":2,"name":"Boutique","item":"https:\/\/www.trainerschoicestockings.ca\/fr\/boutique\/"},{"@type":"ListItem","position":3,"name":"Sigvaris 222 Coton Sea Island, bas genou, m\u00e9dical, hommes"}]},{"@type":"WebSite","@id":"https:\/\/www.trainerschoicestockings.ca\/fr\/#website","url":"https:\/\/www.trainerschoicestockings.ca\/fr\/","name":"Bas de compression Trainers Choice","description":"Vivez votre vie. Soyez vous-m\u00eame.","publisher":{"@id":"https:\/\/www.trainerschoicestockings.ca\/fr\/#organization"},"potentialAction":[{"@type":"SearchAction","target":{"@type":"EntryPoint","urlTemplate":"https:\/\/www.trainerschoicestockings.ca\/fr\/?s={search_term_string}"},"query-input":{"@type":"PropertyValueSpecification","valueRequired":true,"valueName":"search_term_string"}}],"inLanguage":"fr-FR"},{"@type":"Organization","@id":"https:\/\/www.trainerschoicestockings.ca\/fr\/#organization","name":"Choix des formateurs","url":"https:\/\/www.trainerschoicestockings.ca\/fr\/","logo":{"@type":"ImageObject","inLanguage":"fr-FR","@id":"https:\/\/www.trainerschoicestockings.ca\/fr\/#\/schema\/logo\/image\/","url":"https:\/\/i0.wp.com\/www.trainerschoicestockings.ca\/wp-content\/uploads\/2022\/02\/trainers-choice-logo.png?fit=420%2C200&ssl=1","contentUrl":"https:\/\/i0.wp.com\/www.trainerschoicestockings.ca\/wp-content\/uploads\/2022\/02\/trainers-choice-logo.png?fit=420%2C200&ssl=1","width":420,"height":200,"caption":"Choix des formateurs"},"image":{"@id":"https:\/\/www.trainerschoicestockings.ca\/fr\/#\/schema\/logo\/image\/"},"sameAs":["https:\/\/www.facebook.com\/people\/Trainers-Choice\/100063791190626\/","https:\/\/www.instagram.com\/trainers_choice_\/"]}]}},"_links":{"self":[{"href":"https:\/\/www.trainerschoicestockings.ca\/fr\/wp-json\/wp\/v2\/product\/9752","targetHints":{"allow":["GET"]}}],"collection":[{"href":"https:\/\/www.trainerschoicestockings.ca\/fr\/wp-json\/wp\/v2\/product"}],"about":[{"href":"https:\/\/www.trainerschoicestockings.ca\/fr\/wp-json\/wp\/v2\/types\/product"}],"replies":[{"embeddable":true,"href":"https:\/\/www.trainerschoicestockings.ca\/fr\/wp-json\/wp\/v2\/comments?post=9752"}],"wp:featuredmedia":[{"embeddable":true,"href":"https:\/\/www.trainerschoicestockings.ca\/fr\/wp-json\/wp\/v2\/media\/9491"}],"wp:attachment":[{"href":"https:\/\/www.trainerschoicestockings.ca\/fr\/wp-json\/wp\/v2\/media?parent=9752"}],"wp:term":[{"taxonomy":"product_brand","embeddable":true,"href":"https:\/\/www.trainerschoicestockings.ca\/fr\/wp-json\/wp\/v2\/product_brand?post=9752"},{"taxonomy":"product_cat","embeddable":true,"href":"https:\/\/www.trainerschoicestockings.ca\/fr\/wp-json\/wp\/v2\/product_cat?post=9752"},{"taxonomy":"product_tag","embeddable":true,"href":"https:\/\/www.trainerschoicestockings.ca\/fr\/wp-json\/wp\/v2\/product_tag?post=9752"}],"curies":[{"name":"wp","href":"https:\/\/api.w.org\/{rel}","templated":true}]}}