{"id":9800,"date":"2022-04-07T11:13:20","date_gmt":"2022-04-07T15:13:20","guid":{"rendered":"https:\/\/www.trainerschoicestockings.ca\/product\/sigvaris-780-style-sheer-collants-medicaux\/"},"modified":"2023-03-27T11:52:33","modified_gmt":"2023-03-27T15:52:33","slug":"sigvaris-780-collants-medicaux-de-style-transparent","status":"publish","type":"product","link":"https:\/\/www.trainerschoicestockings.ca\/fr\/produit\/sigvaris-780-collants-medicaux-de-style-transparent\/","title":{"rendered":"SIGVARIS 780 Sheer, collants, m\u00e9dical"},"content":{"rendered":"<p style=\"text-align: left;\">\u2022 Option mode \u00e9l\u00e9gante pour les tenues professionnelles et habill\u00e9es.<br \/>\n\u2022 Les fils doublement couverts et incrust\u00e9s rendent le produit confortable et facile \u00e0 enfiler et \u00e0 enlever.<\/p>\n","protected":false},"excerpt":{"rendered":"<p>Transparent<br \/>\nRespirant<br \/>\n\u00c9l\u00e9gant<\/p>\n","protected":false},"featured_media":9218,"comment_status":"closed","ping_status":"closed","template":"","meta":{"_acf_changed":false},"product_brand":[],"product_cat":[204,203],"product_tag":[],"class_list":{"0":"post-9800","1":"product","2":"type-product","3":"status-publish","4":"has-post-thumbnail","6":"product_cat-bas-medicaux","7":"product_cat-sigvaris-fr","8":"pa_colour-miel-naturel","9":"pa_colour-noir","10":"pa_compression-20-30-mmhg-fr","11":"pa_compression-30-40-mmhg-fr","12":"pa_gender-femmes","13":"pa_size-gc-fr","14":"pa_size-gl-fr","15":"pa_size-mc-fr","16":"pa_size-ml-fr","17":"pa_size-pc-fr","18":"pa_size-pl-fr","19":"pa_style-collants","20":"pa_toe-pointe-fermee","22":"first","23":"instock","24":"featured","25":"taxable","26":"shipping-taxable","27":"purchasable","28":"product-type-variable"},"acf":[],"yoast_head":"<!-- This site is optimized with the Yoast SEO plugin v27.4 - https:\/\/yoast.com\/product\/yoast-seo-wordpress\/ -->\n<title>SIGVARIS 780 Sheer, collants, m\u00e9dical - Bas de compression Trainers Choice<\/title>\n<meta name=\"robots\" content=\"index, follow, max-snippet:-1, max-image-preview:large, max-video-preview:-1\" \/>\n<link rel=\"canonical\" href=\"https:\/\/www.trainerschoicestockings.ca\/fr\/produit\/sigvaris-780-collants-medicaux-de-style-transparent\/\" \/>\n<meta property=\"og:locale\" content=\"fr_FR\" \/>\n<meta property=\"og:type\" content=\"article\" \/>\n<meta property=\"og:title\" content=\"SIGVARIS 780 Sheer, collants, m\u00e9dical - Bas de compression Trainers Choice\" \/>\n<meta property=\"og:description\" content=\"Transparent Respirant \u00c9l\u00e9gant\" \/>\n<meta property=\"og:url\" content=\"https:\/\/www.trainerschoicestockings.ca\/fr\/produit\/sigvaris-780-collants-medicaux-de-style-transparent\/\" \/>\n<meta property=\"og:site_name\" content=\"Bas de compression Trainers Choice\" \/>\n<meta property=\"article:publisher\" content=\"https:\/\/www.facebook.com\/people\/Trainers-Choice\/100063791190626\/\" \/>\n<meta property=\"article:modified_time\" content=\"2023-03-27T15:52:33+00:00\" \/>\n<meta property=\"og:image\" content=\"https:\/\/i0.wp.com\/www.trainerschoicestockings.ca\/wp-content\/uploads\/2022\/03\/WebReady-Product-STY_Sheer_POW_honey.png?fit=405%2C540&ssl=1\" \/>\n\t<meta property=\"og:image:width\" content=\"405\" \/>\n\t<meta property=\"og:image:height\" content=\"540\" \/>\n\t<meta property=\"og:image:type\" content=\"image\/png\" \/>\n<meta name=\"twitter:card\" content=\"summary_large_image\" \/>\n<script type=\"application\/ld+json\" class=\"yoast-schema-graph\">{\"@context\":\"https:\\\/\\\/schema.org\",\"@graph\":[{\"@type\":\"WebPage\",\"@id\":\"https:\\\/\\\/www.trainerschoicestockings.ca\\\/fr\\\/produit\\\/sigvaris-780-collants-medicaux-de-style-transparent\\\/\",\"url\":\"https:\\\/\\\/www.trainerschoicestockings.ca\\\/fr\\\/produit\\\/sigvaris-780-collants-medicaux-de-style-transparent\\\/\",\"name\":\"SIGVARIS 780 Sheer, collants, m\u00e9dical - Bas de compression Trainers Choice\",\"isPartOf\":{\"@id\":\"https:\\\/\\\/www.trainerschoicestockings.ca\\\/fr\\\/#website\"},\"primaryImageOfPage\":{\"@id\":\"https:\\\/\\\/www.trainerschoicestockings.ca\\\/fr\\\/produit\\\/sigvaris-780-collants-medicaux-de-style-transparent\\\/#primaryimage\"},\"image\":{\"@id\":\"https:\\\/\\\/www.trainerschoicestockings.ca\\\/fr\\\/produit\\\/sigvaris-780-collants-medicaux-de-style-transparent\\\/#primaryimage\"},\"thumbnailUrl\":\"https:\\\/\\\/i0.wp.com\\\/www.trainerschoicestockings.ca\\\/wp-content\\\/uploads\\\/2022\\\/03\\\/WebReady-Product-STY_Sheer_POW_honey.png?fit=405%2C540&ssl=1\",\"datePublished\":\"2022-04-07T15:13:20+00:00\",\"dateModified\":\"2023-03-27T15:52:33+00:00\",\"breadcrumb\":{\"@id\":\"https:\\\/\\\/www.trainerschoicestockings.ca\\\/fr\\\/produit\\\/sigvaris-780-collants-medicaux-de-style-transparent\\\/#breadcrumb\"},\"inLanguage\":\"fr-FR\",\"potentialAction\":[{\"@type\":\"ReadAction\",\"target\":[\"https:\\\/\\\/www.trainerschoicestockings.ca\\\/fr\\\/produit\\\/sigvaris-780-collants-medicaux-de-style-transparent\\\/\"]}]},{\"@type\":\"ImageObject\",\"inLanguage\":\"fr-FR\",\"@id\":\"https:\\\/\\\/www.trainerschoicestockings.ca\\\/fr\\\/produit\\\/sigvaris-780-collants-medicaux-de-style-transparent\\\/#primaryimage\",\"url\":\"https:\\\/\\\/i0.wp.com\\\/www.trainerschoicestockings.ca\\\/wp-content\\\/uploads\\\/2022\\\/03\\\/WebReady-Product-STY_Sheer_POW_honey.png?fit=405%2C540&ssl=1\",\"contentUrl\":\"https:\\\/\\\/i0.wp.com\\\/www.trainerschoicestockings.ca\\\/wp-content\\\/uploads\\\/2022\\\/03\\\/WebReady-Product-STY_Sheer_POW_honey.png?fit=405%2C540&ssl=1\",\"width\":405,\"height\":540,\"caption\":\"Collants m\u00e9dicaux transparents\"},{\"@type\":\"BreadcrumbList\",\"@id\":\"https:\\\/\\\/www.trainerschoicestockings.ca\\\/fr\\\/produit\\\/sigvaris-780-collants-medicaux-de-style-transparent\\\/#breadcrumb\",\"itemListElement\":[{\"@type\":\"ListItem\",\"position\":1,\"name\":\"Accueil\",\"item\":\"https:\\\/\\\/www.trainerschoicestockings.ca\\\/fr\\\/\"},{\"@type\":\"ListItem\",\"position\":2,\"name\":\"Boutique\",\"item\":\"https:\\\/\\\/www.trainerschoicestockings.ca\\\/fr\\\/boutique\\\/\"},{\"@type\":\"ListItem\",\"position\":3,\"name\":\"SIGVARIS 780 Sheer, collants, m\u00e9dical\"}]},{\"@type\":\"WebSite\",\"@id\":\"https:\\\/\\\/www.trainerschoicestockings.ca\\\/fr\\\/#website\",\"url\":\"https:\\\/\\\/www.trainerschoicestockings.ca\\\/fr\\\/\",\"name\":\"Bas de compression Trainers Choice\",\"description\":\"Vivez votre vie. Soyez vous-m\u00eame.\",\"publisher\":{\"@id\":\"https:\\\/\\\/www.trainerschoicestockings.ca\\\/fr\\\/#organization\"},\"potentialAction\":[{\"@type\":\"SearchAction\",\"target\":{\"@type\":\"EntryPoint\",\"urlTemplate\":\"https:\\\/\\\/www.trainerschoicestockings.ca\\\/fr\\\/?s={search_term_string}\"},\"query-input\":{\"@type\":\"PropertyValueSpecification\",\"valueRequired\":true,\"valueName\":\"search_term_string\"}}],\"inLanguage\":\"fr-FR\"},{\"@type\":\"Organization\",\"@id\":\"https:\\\/\\\/www.trainerschoicestockings.ca\\\/fr\\\/#organization\",\"name\":\"Choix des formateurs\",\"url\":\"https:\\\/\\\/www.trainerschoicestockings.ca\\\/fr\\\/\",\"logo\":{\"@type\":\"ImageObject\",\"inLanguage\":\"fr-FR\",\"@id\":\"https:\\\/\\\/www.trainerschoicestockings.ca\\\/fr\\\/#\\\/schema\\\/logo\\\/image\\\/\",\"url\":\"https:\\\/\\\/i0.wp.com\\\/www.trainerschoicestockings.ca\\\/wp-content\\\/uploads\\\/2022\\\/02\\\/trainers-choice-logo.png?fit=420%2C200&ssl=1\",\"contentUrl\":\"https:\\\/\\\/i0.wp.com\\\/www.trainerschoicestockings.ca\\\/wp-content\\\/uploads\\\/2022\\\/02\\\/trainers-choice-logo.png?fit=420%2C200&ssl=1\",\"width\":420,\"height\":200,\"caption\":\"Choix des formateurs\"},\"image\":{\"@id\":\"https:\\\/\\\/www.trainerschoicestockings.ca\\\/fr\\\/#\\\/schema\\\/logo\\\/image\\\/\"},\"sameAs\":[\"https:\\\/\\\/www.facebook.com\\\/people\\\/Trainers-Choice\\\/100063791190626\\\/\",\"https:\\\/\\\/www.instagram.com\\\/trainers_choice_\\\/\"]}]}<\/script>\n<!-- \/ Yoast SEO plugin. -->","yoast_head_json":{"title":"SIGVARIS 780 Sheer, collants, m\u00e9dical - Bas de compression Trainers Choice","robots":{"index":"index","follow":"follow","max-snippet":"max-snippet:-1","max-image-preview":"max-image-preview:large","max-video-preview":"max-video-preview:-1"},"canonical":"https:\/\/www.trainerschoicestockings.ca\/fr\/produit\/sigvaris-780-collants-medicaux-de-style-transparent\/","og_locale":"fr_FR","og_type":"article","og_title":"SIGVARIS 780 Sheer, collants, m\u00e9dical - Bas de compression Trainers Choice","og_description":"Transparent Respirant \u00c9l\u00e9gant","og_url":"https:\/\/www.trainerschoicestockings.ca\/fr\/produit\/sigvaris-780-collants-medicaux-de-style-transparent\/","og_site_name":"Bas de compression Trainers Choice","article_publisher":"https:\/\/www.facebook.com\/people\/Trainers-Choice\/100063791190626\/","article_modified_time":"2023-03-27T15:52:33+00:00","og_image":[{"width":405,"height":540,"url":"https:\/\/i0.wp.com\/www.trainerschoicestockings.ca\/wp-content\/uploads\/2022\/03\/WebReady-Product-STY_Sheer_POW_honey.png?fit=405%2C540&ssl=1","type":"image\/png"}],"twitter_card":"summary_large_image","schema":{"@context":"https:\/\/schema.org","@graph":[{"@type":"WebPage","@id":"https:\/\/www.trainerschoicestockings.ca\/fr\/produit\/sigvaris-780-collants-medicaux-de-style-transparent\/","url":"https:\/\/www.trainerschoicestockings.ca\/fr\/produit\/sigvaris-780-collants-medicaux-de-style-transparent\/","name":"SIGVARIS 780 Sheer, collants, m\u00e9dical - Bas de compression Trainers Choice","isPartOf":{"@id":"https:\/\/www.trainerschoicestockings.ca\/fr\/#website"},"primaryImageOfPage":{"@id":"https:\/\/www.trainerschoicestockings.ca\/fr\/produit\/sigvaris-780-collants-medicaux-de-style-transparent\/#primaryimage"},"image":{"@id":"https:\/\/www.trainerschoicestockings.ca\/fr\/produit\/sigvaris-780-collants-medicaux-de-style-transparent\/#primaryimage"},"thumbnailUrl":"https:\/\/i0.wp.com\/www.trainerschoicestockings.ca\/wp-content\/uploads\/2022\/03\/WebReady-Product-STY_Sheer_POW_honey.png?fit=405%2C540&ssl=1","datePublished":"2022-04-07T15:13:20+00:00","dateModified":"2023-03-27T15:52:33+00:00","breadcrumb":{"@id":"https:\/\/www.trainerschoicestockings.ca\/fr\/produit\/sigvaris-780-collants-medicaux-de-style-transparent\/#breadcrumb"},"inLanguage":"fr-FR","potentialAction":[{"@type":"ReadAction","target":["https:\/\/www.trainerschoicestockings.ca\/fr\/produit\/sigvaris-780-collants-medicaux-de-style-transparent\/"]}]},{"@type":"ImageObject","inLanguage":"fr-FR","@id":"https:\/\/www.trainerschoicestockings.ca\/fr\/produit\/sigvaris-780-collants-medicaux-de-style-transparent\/#primaryimage","url":"https:\/\/i0.wp.com\/www.trainerschoicestockings.ca\/wp-content\/uploads\/2022\/03\/WebReady-Product-STY_Sheer_POW_honey.png?fit=405%2C540&ssl=1","contentUrl":"https:\/\/i0.wp.com\/www.trainerschoicestockings.ca\/wp-content\/uploads\/2022\/03\/WebReady-Product-STY_Sheer_POW_honey.png?fit=405%2C540&ssl=1","width":405,"height":540,"caption":"Collants m\u00e9dicaux transparents"},{"@type":"BreadcrumbList","@id":"https:\/\/www.trainerschoicestockings.ca\/fr\/produit\/sigvaris-780-collants-medicaux-de-style-transparent\/#breadcrumb","itemListElement":[{"@type":"ListItem","position":1,"name":"Accueil","item":"https:\/\/www.trainerschoicestockings.ca\/fr\/"},{"@type":"ListItem","position":2,"name":"Boutique","item":"https:\/\/www.trainerschoicestockings.ca\/fr\/boutique\/"},{"@type":"ListItem","position":3,"name":"SIGVARIS 780 Sheer, collants, m\u00e9dical"}]},{"@type":"WebSite","@id":"https:\/\/www.trainerschoicestockings.ca\/fr\/#website","url":"https:\/\/www.trainerschoicestockings.ca\/fr\/","name":"Bas de compression Trainers Choice","description":"Vivez votre vie. Soyez vous-m\u00eame.","publisher":{"@id":"https:\/\/www.trainerschoicestockings.ca\/fr\/#organization"},"potentialAction":[{"@type":"SearchAction","target":{"@type":"EntryPoint","urlTemplate":"https:\/\/www.trainerschoicestockings.ca\/fr\/?s={search_term_string}"},"query-input":{"@type":"PropertyValueSpecification","valueRequired":true,"valueName":"search_term_string"}}],"inLanguage":"fr-FR"},{"@type":"Organization","@id":"https:\/\/www.trainerschoicestockings.ca\/fr\/#organization","name":"Choix des formateurs","url":"https:\/\/www.trainerschoicestockings.ca\/fr\/","logo":{"@type":"ImageObject","inLanguage":"fr-FR","@id":"https:\/\/www.trainerschoicestockings.ca\/fr\/#\/schema\/logo\/image\/","url":"https:\/\/i0.wp.com\/www.trainerschoicestockings.ca\/wp-content\/uploads\/2022\/02\/trainers-choice-logo.png?fit=420%2C200&ssl=1","contentUrl":"https:\/\/i0.wp.com\/www.trainerschoicestockings.ca\/wp-content\/uploads\/2022\/02\/trainers-choice-logo.png?fit=420%2C200&ssl=1","width":420,"height":200,"caption":"Choix des formateurs"},"image":{"@id":"https:\/\/www.trainerschoicestockings.ca\/fr\/#\/schema\/logo\/image\/"},"sameAs":["https:\/\/www.facebook.com\/people\/Trainers-Choice\/100063791190626\/","https:\/\/www.instagram.com\/trainers_choice_\/"]}]}},"_links":{"self":[{"href":"https:\/\/www.trainerschoicestockings.ca\/fr\/wp-json\/wp\/v2\/product\/9800","targetHints":{"allow":["GET"]}}],"collection":[{"href":"https:\/\/www.trainerschoicestockings.ca\/fr\/wp-json\/wp\/v2\/product"}],"about":[{"href":"https:\/\/www.trainerschoicestockings.ca\/fr\/wp-json\/wp\/v2\/types\/product"}],"replies":[{"embeddable":true,"href":"https:\/\/www.trainerschoicestockings.ca\/fr\/wp-json\/wp\/v2\/comments?post=9800"}],"wp:featuredmedia":[{"embeddable":true,"href":"https:\/\/www.trainerschoicestockings.ca\/fr\/wp-json\/wp\/v2\/media\/9218"}],"wp:attachment":[{"href":"https:\/\/www.trainerschoicestockings.ca\/fr\/wp-json\/wp\/v2\/media?parent=9800"}],"wp:term":[{"taxonomy":"product_brand","embeddable":true,"href":"https:\/\/www.trainerschoicestockings.ca\/fr\/wp-json\/wp\/v2\/product_brand?post=9800"},{"taxonomy":"product_cat","embeddable":true,"href":"https:\/\/www.trainerschoicestockings.ca\/fr\/wp-json\/wp\/v2\/product_cat?post=9800"},{"taxonomy":"product_tag","embeddable":true,"href":"https:\/\/www.trainerschoicestockings.ca\/fr\/wp-json\/wp\/v2\/product_tag?post=9800"}],"curies":[{"name":"wp","href":"https:\/\/api.w.org\/{rel}","templated":true}]}}